{"id":32446,"date":"2024-10-10T11:08:27","date_gmt":"2024-10-10T09:08:27","guid":{"rendered":"https:\/\/usrogr.fr\/site\/?page_id=32446"},"modified":"2024-10-10T11:09:57","modified_gmt":"2024-10-10T09:09:57","slug":"resultats-2023-2024","status":"publish","type":"page","link":"https:\/\/usrogr.fr\/site\/resultats-2023-2024\/","title":{"rendered":"R\u00e9sultats 2023-2024"},"content":{"rendered":"\n<p class=\"has-large-font-size\">Ensembles et duos : <\/p>\n\n\n\n<p class=\"has-medium-font-size\">Duos Nationaux : <\/p>\n\n\n\n<figure class=\"wp-block-table is-style-stripes\"><table><tbody><tr><td>Duos Nationaux TC<\/td><td>D\u00e9partement<\/td><td>Interd\u00e9partement<\/td><td>R\u00e9gion<\/td><td>France<\/td><\/tr><tr><td>Olivia COIMBRA et Amandine RAOULT<\/td><td>3e<\/td><td>5e<\/td><td>6e<\/td><td>\/<\/td><\/tr><tr><td>Margot BANSARD et Th\u00e9a VILLATEL<\/td><td>1e<\/td><td>1e<\/td><td>5e<\/td><td>22e<\/td><\/tr><\/tbody><\/table><\/figure>\n\n\n\n<p class=\"has-medium-font-size\">Ensembles F\u00e9d\u00e9raux : <\/p>\n\n\n\n<figure class=\"wp-block-table is-style-stripes\"><table><tbody><tr><td>Ensemble F\u00e9d\u00e9ral A 15 ans et &#8211;<\/td><td>D\u00e9partement<\/td><td>Interd\u00e9partement<\/td><td>R\u00e9gion<\/td><td>France<\/td><\/tr><tr><td>Am\u00e9lie DESCOUBES, Maymouna SOW, Enolane TERRASSE et A\u00efcha YAMINE<\/td><td>1e<\/td><td>2e<\/td><td>2e<\/td><td>13e<\/td><\/tr><\/tbody><\/table><\/figure>\n\n\n\n<figure class=\"wp-block-table is-style-stripes\"><table><tbody><tr><td>Ensemble F\u00e9d\u00e9ral B 13 ans et &#8211;<\/td><td>D\u00e9partement<\/td><td>Interd\u00e9partement<\/td><td>R\u00e9gion<\/td><td>France<\/td><\/tr><tr><td>Emilie BEMBERA, Sarah NAJI, Stellina RUBERTO et Sherley SOLVAR<\/td><td>1e<\/td><td>1e<\/td><td>4e<\/td><td>9e<\/td><\/tr><\/tbody><\/table><\/figure>\n\n\n\n<figure class=\"wp-block-table is-style-stripes\"><table><tbody><tr><td>Ensemble F\u00e9d\u00e9ral B TC<\/td><td>D\u00e9partement<\/td><td>Interd\u00e9partement<\/td><td>R\u00e9gion<\/td><td>France<\/td><\/tr><tr><td>Rime ALKATMOUR, Jeanne BANSARD, Lyna MICHEL et Ozigr\u00e9e TOKORE<\/td><td>3e<\/td><td>4e<\/td><td>6e<\/td><td>29e<\/td><\/tr><\/tbody><\/table><\/figure>\n\n\n\n<figure class=\"wp-block-table is-style-stripes\"><table><tbody><tr><td>Ensemble F\u00e9d\u00e9ral C 13 ans et &#8211;<\/td><td>D\u00e9partement<\/td><td>Interd\u00e9partement<\/td><td>R\u00e9gion<\/td><td>France<\/td><\/tr><tr><td>Manel ABOULAICH, Ariane AFFRAMAN, Maya DE ALMEIDA, Lila ELHAZAR, Justine LEVAL, Cassandra MENAN, Sara POMARE, Assa SIBY et Safia TRAORE<\/td><td>4e<\/td><td>4e<\/td><td>16e<\/td><td>\/<\/td><\/tr><\/tbody><\/table><\/figure>\n\n\n\n<p class=\"has-medium-font-size\">Ensembles R\u00e9gionaux : <\/p>\n\n\n\n<figure class=\"wp-block-table is-style-stripes\"><table><tbody><tr><td>Ensemble R\u00e9gional 7-9 ans<\/td><td>D\u00e9partement<\/td><td>Interd\u00e9partement<\/td><td>R\u00e9gion<\/td><\/tr><tr><td>Sara-Lina AHMED, Rayhana BEN AZOUZ, Lia DOS SANTOS et Emilie NOSUELA<\/td><td>3e<\/td><td>1e<\/td><td>2e<\/td><\/tr><\/tbody><\/table><\/figure>\n\n\n\n<figure class=\"wp-block-table is-style-stripes\"><table><tbody><tr><td>Ensemble R\u00e9gional 10-11 ans<\/td><td>D\u00e9partement<\/td><td>Interd\u00e9partement<\/td><td>R\u00e9gion<\/td><\/tr><tr><td>Kaylie-Rose DIBY, Nelya MAKHLOUFI, La\u00efla M&rsquo;ROUDJAE et Alaa YAMINE<\/td><td>5e<\/td><td>9e<\/td><td>2e<\/td><\/tr><\/tbody><\/table><\/figure>\n\n\n\n<figure class=\"wp-block-table is-style-stripes\"><table><tbody><tr><td>Ensemble R\u00e9gional 13 ans et &#8211;<\/td><td>D\u00e9partement<\/td><td>Interd\u00e9partement<\/td><td>R\u00e9gion<\/td><\/tr><tr><td>Sarah AKIK, Viktoria AMOYAN, Mariama BAH, Ana\u00efs RAKHTOUNE et Sarata SOUMAHORO<\/td><td>1e<\/td><td>1e<\/td><td>8e<\/td><\/tr><\/tbody><\/table><\/figure>\n\n\n\n<p class=\"has-large-font-size\">Individuelles R\u00e9gionales B : <\/p>\n\n\n\n<figure class=\"wp-block-table is-style-stripes\"><table><tbody><tr><td>7-8 ans<\/td><td>D\u00e9partement<\/td><td>Interd\u00e9partement<\/td><\/tr><tr><td>Sara-Lina AHMED<\/td><td>1e<\/td><td>1e<\/td><\/tr><\/tbody><\/table><\/figure>\n\n\n\n<figure class=\"wp-block-table is-style-stripes\"><table><tbody><tr><td>9 ans<\/td><td>D\u00e9partement<\/td><td>Interd\u00e9partement<\/td><\/tr><tr><td>Rayhana BEN AZOUZ<\/td><td>1e<\/td><td>2e<\/td><\/tr><tr><td>Lia DOS SANTOS<\/td><td>2e<\/td><td>1e<\/td><\/tr><tr><td>Emilie NOSULEA<\/td><td>4e<\/td><td>3e<\/td><\/tr><\/tbody><\/table><\/figure>\n\n\n\n<figure class=\"wp-block-table is-style-stripes\"><table><tbody><tr><td>10-11 ans<\/td><td>D\u00e9partement<\/td><td>Interd\u00e9partement<\/td><\/tr><tr><td>Chlo\u00e9 BIENVAULT<\/td><td>15e<\/td><td>16e<\/td><\/tr><tr><td>Lahna BROUK<\/td><td>17e<\/td><td>9e<\/td><\/tr><tr><td>Kaylie-Rose DIBY<\/td><td>7e<\/td><td>26e<\/td><\/tr><tr><td>Jihane EL-HAYANI<\/td><td>26e<\/td><td>9e<\/td><\/tr><tr><td>Meyssa KLABI<\/td><td>30e<\/td><td>26e<\/td><\/tr><tr><td>Nelya MAKHLOUFI<\/td><td>11<\/td><td>9e<\/td><\/tr><tr><td>La\u00efla M&rsquo;ROUDJAE<\/td><td>1e<\/td><td>2e<\/td><\/tr><tr><td>Eden SEMEDO BORGES<\/td><td>2e<\/td><td>1e<\/td><\/tr><tr><td>Alaa YAMINE<\/td><td>21e<\/td><td>5e<\/td><\/tr><\/tbody><\/table><\/figure>\n\n\n\n<figure class=\"wp-block-table is-style-stripes\"><table><tbody><tr><td>12-13 ans<\/td><td>D\u00e9partement<\/td><td>Interd\u00e9partement<\/td><\/tr><tr><td>Assia DIMASSI<\/td><td>10e<\/td><td>7e<\/td><\/tr><tr><td>Leslie LE MENELEC PAISLEY<\/td><td>8e<\/td><td>5e<\/td><\/tr><\/tbody><\/table><\/figure>\n\n\n\n<figure class=\"wp-block-table is-style-stripes\"><table><tbody><tr><td>18-21 ans<\/td><td>D\u00e9partement<\/td><td>Interd\u00e9partement<\/td><\/tr><tr><td>Salmha&nbsp; EL&nbsp;GUINDY<\/td><td>6e<\/td><td>8e<\/td><\/tr><\/tbody><\/table><\/figure>\n\n\n\n<p class=\"has-large-font-size\">Individuelles Nationales, F\u00e9d\u00e9rales et R\u00e9gionales A :<\/p>\n\n\n\n<p class=\"has-medium-font-size\">National B :<\/p>\n\n\n\n<figure class=\"wp-block-table is-style-stripes\"><table><tbody><tr><td>14-15 ans<\/td><td>D\u00e9partement<\/td><td>Interd\u00e9partement<\/td><td>R\u00e9gion<\/td><td>France<\/td><\/tr><tr><td>Ma\u00eblys GAUTHIER<\/td><td>1\u00e8<\/td><td>2\u00e8<\/td><td>5\u00e8<\/td><td>17\u00e8<\/td><\/tr><\/tbody><\/table><\/figure>\n\n\n\n<p>National C :<\/p>\n\n\n\n<figure class=\"wp-block-table is-style-stripes\"><table><tbody><tr><td>16-17 ans<\/td><td>D\u00e9partement<\/td><td>Interd\u00e9partement<\/td><td>R\u00e9gion<\/td><td>France<\/td><\/tr><tr><td>Th\u00e9a VILLATEL<\/td><td>8\u00e8<\/td><td>10\u00e8<\/td><td>19\u00e8<\/td><td>&#8211;<\/td><\/tr><\/tbody><\/table><\/figure>\n\n\n\n<p><\/p>\n\n\n\n<figure class=\"wp-block-table is-style-stripes\"><table><tbody><tr><td>18 ans et +<\/td><td>D\u00e9partement<\/td><td>Interd\u00e9partement<\/td><td>R\u00e9gion<\/td><td>France<\/td><\/tr><tr><td>Margot BANSARD<\/td><td>18\u00e8<\/td><td>23\u00e8<\/td><td>&#8211;<\/td><td>&#8211;<\/td><\/tr><tr><td>Olivia COIMBRA<\/td><td>9\u00e8<\/td><td>1\u00e8<\/td><td>3\u00e8<\/td><td>30\u00e8<\/td><\/tr><tr><td>Amandine RAOULT<\/td><td>Forfait<\/td><td>15\u00e8<\/td><td>40\u00e8<\/td><td>&#8211;<\/td><\/tr><\/tbody><\/table><\/figure>\n\n\n\n<p class=\"has-medium-font-size\">F\u00e9d\u00e9ral :<\/p>\n\n\n\n<figure class=\"wp-block-table is-style-stripes\"><table><tbody><tr><td>12-13 ans<\/td><td>D\u00e9partement<\/td><td>Interd\u00e9partement<\/td><td>R\u00e9gion<\/td><td>France<\/td><\/tr><tr><td>Maymouna SOW<\/td><td>9\u00e8<\/td><td>9\u00e8<\/td><td>33\u00e8<\/td><td>&#8211;<\/td><\/tr><tr><td>A\u00efcha YAMINE<\/td><td>1\u00e8<\/td><td>1\u00e8<\/td><td>1\u00e8<\/td><td>12\u00e8<\/td><\/tr><\/tbody><\/table><\/figure>\n\n\n\n<figure class=\"wp-block-table is-style-stripes\"><table><tbody><tr><td>14-15 ans<\/td><td>D\u00e9partement<\/td><td>Interd\u00e9partement<\/td><td>R\u00e9gion<\/td><td>France<\/td><\/tr><tr><td>Am\u00e9lie DESCOUBES<\/td><td>3\u00e8<\/td><td>4\u00e8<\/td><td>13\u00e8<\/td><td>&#8211;<\/td><\/tr><tr><td>Enolane TERRASSE<\/td><td>6\u00e8<\/td><td>5\u00e8<\/td><td>23\u00e8<\/td><td>&#8211;<\/td><\/tr><\/tbody><\/table><\/figure>\n\n\n\n<p>R\u00e9gional A :<\/p>\n\n\n\n<figure class=\"wp-block-table is-style-stripes\"><table><tbody><tr><td>10-11 ans<\/td><td>D\u00e9partement<\/td><td>Interd\u00e9partement<\/td><td>R\u00e9gion<\/td><\/tr><tr><td>Emilie BEMBERA<\/td><td>1\u00e8<\/td><td>1\u00e8<\/td><td>1\u00e8<\/td><\/tr><tr><td>Stellina RUBERTO<\/td><td>2\u00e8<\/td><td>5\u00e8<\/td><td>10\u00e8<\/td><\/tr><tr><td>Sherley SOLVAR<\/td><td>3\u00e8<\/td><td>4\u00e8<\/td><td>26\u00e8<\/td><\/tr><\/tbody><\/table><\/figure>\n\n\n\n<figure class=\"wp-block-table is-style-stripes\"><table><tbody><tr><td>12 ans<\/td><td>D\u00e9partement<\/td><td>Interd\u00e9partement<\/td><td>R\u00e9gion<\/td><\/tr><tr><td>Sarah NAJI<\/td><td>3\u00e8<\/td><td>3\u00e8<\/td><td>1\u00e8<\/td><\/tr><\/tbody><\/table><\/figure>\n\n\n\n<figure class=\"wp-block-table is-style-stripes\"><table><tbody><tr><td>14-15 ans<\/td><td>D\u00e9partement<\/td><td>Interd\u00e9partement<\/td><td>R\u00e9gion<\/td><\/tr><tr><td>Rime ALKTAMOUR<\/td><td>4\u00e8<\/td><td>24\u00e8<\/td><td>&#8211;<\/td><\/tr><tr><td>Ozigr\u00e9e TOKORE<\/td><td>16\u00e8<\/td><td>21\u00e8<\/td><td>&#8211;<\/td><\/tr><\/tbody><\/table><\/figure>\n\n\n\n<p class=\"has-large-font-size\">R\u00e9sultats officiels : <\/p>\n\n\n\n<div class=\"wp-block-file\"><a id=\"wp-block-file--media-0a09fe8b-825d-4aa8-ab6c-9903b0929760\" href=\"http:\/\/usrogr.fr\/site\/wp-content\/uploads\/2023\/10\/Res-dep-indiv-2023.pdf\">D\u00e9partement individuel<\/a><a href=\"http:\/\/usrogr.fr\/site\/wp-content\/uploads\/2023\/10\/Res-dep-indiv-2023.pdf\" class=\"wp-block-file__button wp-element-button\" download aria-describedby=\"wp-block-file--media-0a09fe8b-825d-4aa8-ab6c-9903b0929760\">T\u00e9l\u00e9charger<\/a><\/div>\n\n\n\n<div class=\"wp-block-file\"><a id=\"wp-block-file--media-43b7d59e-6c6f-4385-9b5b-5ec6b40559ab\" href=\"http:\/\/usrogr.fr\/site\/wp-content\/uploads\/2023\/11\/res_interdep.pdf\">Interd\u00e9partement individuel<\/a><a href=\"http:\/\/usrogr.fr\/site\/wp-content\/uploads\/2023\/11\/res_interdep.pdf\" class=\"wp-block-file__button wp-element-button\" download aria-describedby=\"wp-block-file--media-43b7d59e-6c6f-4385-9b5b-5ec6b40559ab\">T\u00e9l\u00e9charger<\/a><\/div>\n\n\n\n<div class=\"wp-block-file\"><a id=\"wp-block-file--media-e6078abc-b5d0-468b-8038-b033460142e7\" href=\"http:\/\/usrogr.fr\/site\/wp-content\/uploads\/2023\/12\/res_reg_indiv.pdf\">R\u00e9gion individuelle<\/a><a href=\"http:\/\/usrogr.fr\/site\/wp-content\/uploads\/2023\/12\/res_reg_indiv.pdf\" class=\"wp-block-file__button wp-element-button\" download aria-describedby=\"wp-block-file--media-e6078abc-b5d0-468b-8038-b033460142e7\">T\u00e9l\u00e9charger<\/a><\/div>\n\n\n\n<div class=\"wp-block-file\"><a id=\"wp-block-file--media-6273cac6-6a40-4226-9632-6c7d202b3461\" href=\"http:\/\/usrogr.fr\/site\/wp-content\/uploads\/2024\/01\/fed12-13.pdf\">Championnat de France F\u00e9d\u00e9ral 12-13<\/a><a href=\"http:\/\/usrogr.fr\/site\/wp-content\/uploads\/2024\/01\/fed12-13.pdf\" class=\"wp-block-file__button wp-element-button\" download aria-describedby=\"wp-block-file--media-6273cac6-6a40-4226-9632-6c7d202b3461\">T\u00e9l\u00e9charger<\/a><\/div>\n\n\n\n<div class=\"wp-block-file\"><a id=\"wp-block-file--media-8199e6ae-a9b6-4e7e-a596-9b556ac71608\" href=\"http:\/\/usrogr.fr\/site\/wp-content\/uploads\/2024\/01\/NatC18.pdf\">Championnat de France Nat C 18+<\/a><a href=\"http:\/\/usrogr.fr\/site\/wp-content\/uploads\/2024\/01\/NatC18.pdf\" class=\"wp-block-file__button wp-element-button\" download aria-describedby=\"wp-block-file--media-8199e6ae-a9b6-4e7e-a596-9b556ac71608\">T\u00e9l\u00e9charger<\/a><\/div>\n\n\n\n<div class=\"wp-block-file\"><a id=\"wp-block-file--media-14bd3db3-da35-4ace-bb38-32d580624559\" href=\"http:\/\/usrogr.fr\/site\/wp-content\/uploads\/2024\/01\/2024_01_res_NB_14-15.pdf\">Championnat de France Nat B 14-15<\/a><a href=\"http:\/\/usrogr.fr\/site\/wp-content\/uploads\/2024\/01\/2024_01_res_NB_14-15.pdf\" class=\"wp-block-file__button wp-element-button\" download aria-describedby=\"wp-block-file--media-14bd3db3-da35-4ace-bb38-32d580624559\">T\u00e9l\u00e9charger<\/a><\/div>\n\n\n\n<div class=\"wp-block-file\"><a id=\"wp-block-file--media-9395345e-f1fb-4ef0-957b-bb826811a365\" href=\"http:\/\/usrogr.fr\/site\/wp-content\/uploads\/2024\/02\/2024-02_res_dep.pdf\">D\u00e9partement individuelles Reg B et ensembles\/duos<\/a><a href=\"http:\/\/usrogr.fr\/site\/wp-content\/uploads\/2024\/02\/2024-02_res_dep.pdf\" class=\"wp-block-file__button wp-element-button\" download aria-describedby=\"wp-block-file--media-9395345e-f1fb-4ef0-957b-bb826811a365\">T\u00e9l\u00e9charger<\/a><\/div>\n\n\n\n<div class=\"wp-block-file\"><a id=\"wp-block-file--media-51216d1e-74fb-4fc7-be2c-4fde2350cd4d\" href=\"http:\/\/usrogr.fr\/site\/wp-content\/uploads\/2024\/03\/2024-03_res_interdep_nat_FB.pdf\">Interd\u00e9partement individuelles Reg B, ensembles et duos F\u00e9d\u00e9raux B, C et Nationaux<\/a><a href=\"http:\/\/usrogr.fr\/site\/wp-content\/uploads\/2024\/03\/2024-03_res_interdep_nat_FB.pdf\" class=\"wp-block-file__button wp-element-button\" download aria-describedby=\"wp-block-file--media-51216d1e-74fb-4fc7-be2c-4fde2350cd4d\">T\u00e9l\u00e9charger<\/a><\/div>\n\n\n\n<div class=\"wp-block-file\"><a id=\"wp-block-file--media-598518e8-d843-416a-adfa-3c2bdf11a386\" href=\"http:\/\/usrogr.fr\/site\/wp-content\/uploads\/2024\/03\/2024-03_res_interdep_pontault.pdf\">Interd\u00e9partement ensembles R\u00e9gionaux et f\u00e9d\u00e9raux A<\/a><a href=\"http:\/\/usrogr.fr\/site\/wp-content\/uploads\/2024\/03\/2024-03_res_interdep_pontault.pdf\" class=\"wp-block-file__button wp-element-button\" download aria-describedby=\"wp-block-file--media-598518e8-d843-416a-adfa-3c2bdf11a386\">T\u00e9l\u00e9charger<\/a><\/div>\n\n\n\n<div class=\"wp-block-file\"><a id=\"wp-block-file--media-9c26315c-f130-4c0b-9a00-db2835490a39\" href=\"http:\/\/usrogr.fr\/site\/wp-content\/uploads\/2024\/03\/RES_reg_lardy.pdf\">R\u00e9gion ensembles f\u00e9d\u00e9raux B et C<\/a><a href=\"http:\/\/usrogr.fr\/site\/wp-content\/uploads\/2024\/03\/RES_reg_lardy.pdf\" class=\"wp-block-file__button wp-element-button\" download aria-describedby=\"wp-block-file--media-9c26315c-f130-4c0b-9a00-db2835490a39\">T\u00e9l\u00e9charger<\/a><\/div>\n\n\n\n<div class=\"wp-block-file\"><a id=\"wp-block-file--media-c858264d-525e-43c0-bdd3-2428469a32a0\" href=\"http:\/\/usrogr.fr\/site\/wp-content\/uploads\/2024\/04\/res.pdf\">R\u00e9gion duos nationaux <\/a><a href=\"http:\/\/usrogr.fr\/site\/wp-content\/uploads\/2024\/04\/res.pdf\" class=\"wp-block-file__button wp-element-button\" download aria-describedby=\"wp-block-file--media-c858264d-525e-43c0-bdd3-2428469a32a0\">T\u00e9l\u00e9charger<\/a><\/div>\n\n\n\n<div class=\"wp-block-file\"><a id=\"wp-block-file--media-6fc80df0-dd1d-40f5-8368-c33dde6c8937\" href=\"http:\/\/usrogr.fr\/site\/wp-content\/uploads\/2024\/05\/res_reg_REG_FEDA.pdf\">R\u00e9gion ensembles REG et FED A<\/a><a href=\"http:\/\/usrogr.fr\/site\/wp-content\/uploads\/2024\/05\/res_reg_REG_FEDA.pdf\" class=\"wp-block-file__button wp-element-button\" download aria-describedby=\"wp-block-file--media-6fc80df0-dd1d-40f5-8368-c33dde6c8937\">T\u00e9l\u00e9charger<\/a><\/div>\n\n\n\n<div class=\"wp-block-file\"><a id=\"wp-block-file--media-6d319503-1af4-4664-b239-5cb592529ccf\" href=\"http:\/\/usrogr.fr\/site\/wp-content\/uploads\/2024\/05\/res_france_FEDB.pdf\">Championnat de France F\u00e9d\u00e9ral B<\/a><a href=\"http:\/\/usrogr.fr\/site\/wp-content\/uploads\/2024\/05\/res_france_FEDB.pdf\" class=\"wp-block-file__button wp-element-button\" download aria-describedby=\"wp-block-file--media-6d319503-1af4-4664-b239-5cb592529ccf\">T\u00e9l\u00e9charger<\/a><\/div>\n\n\n\n<div class=\"wp-block-file\"><a id=\"wp-block-file--media-d95ab0b9-2e28-4ae5-a3a6-824fd247ff47\" href=\"http:\/\/usrogr.fr\/site\/wp-content\/uploads\/2024\/05\/res_France_NAT.pdf\">Championnat de France duos NAT<\/a><a href=\"http:\/\/usrogr.fr\/site\/wp-content\/uploads\/2024\/05\/res_France_NAT.pdf\" class=\"wp-block-file__button wp-element-button\" download aria-describedby=\"wp-block-file--media-d95ab0b9-2e28-4ae5-a3a6-824fd247ff47\">T\u00e9l\u00e9charger<\/a><\/div>\n\n\n\n<div class=\"wp-block-file\"><a id=\"wp-block-file--media-0a1bc39a-cc35-4d02-9930-674472482f24\" href=\"http:\/\/usrogr.fr\/site\/wp-content\/uploads\/2024\/06\/2024-06_France_Res.pdf\">Championnat de France ensembles FED A<\/a><a href=\"http:\/\/usrogr.fr\/site\/wp-content\/uploads\/2024\/06\/2024-06_France_Res.pdf\" class=\"wp-block-file__button wp-element-button\" download aria-describedby=\"wp-block-file--media-0a1bc39a-cc35-4d02-9930-674472482f24\">T\u00e9l\u00e9charger<\/a><\/div>\n","protected":false},"excerpt":{"rendered":"<p>Ensembles et duos : Duos Nationaux : Duos Nationaux TC D\u00e9partement Interd\u00e9partement R\u00e9gion France Olivia COIMBRA et Amandine RAOULT 3e 5e 6e \/ Margot BANSARD et Th\u00e9a VILLATEL 1e 1e 5e 22e Ensembles F\u00e9d\u00e9raux : Ensemble F\u00e9d\u00e9ral A 15 ans et &#8211; D\u00e9partement Interd\u00e9partement R\u00e9gion France Am\u00e9lie DESCOUBES, Maymouna SOW, Enolane TERRASSE et A\u00efcha YAMINE [&hellip;]<\/p>\n","protected":false},"author":1,"featured_media":0,"parent":0,"menu_order":0,"comment_status":"closed","ping_status":"closed","template":"","meta":{"footnotes":""},"class_list":["post-32446","page","type-page","status-publish","hentry"],"_links":{"self":[{"href":"https:\/\/usrogr.fr\/site\/wp-json\/wp\/v2\/pages\/32446","targetHints":{"allow":["GET"]}}],"collection":[{"href":"https:\/\/usrogr.fr\/site\/wp-json\/wp\/v2\/pages"}],"about":[{"href":"https:\/\/usrogr.fr\/site\/wp-json\/wp\/v2\/types\/page"}],"author":[{"embeddable":true,"href":"https:\/\/usrogr.fr\/site\/wp-json\/wp\/v2\/users\/1"}],"replies":[{"embeddable":true,"href":"https:\/\/usrogr.fr\/site\/wp-json\/wp\/v2\/comments?post=32446"}],"version-history":[{"count":2,"href":"https:\/\/usrogr.fr\/site\/wp-json\/wp\/v2\/pages\/32446\/revisions"}],"predecessor-version":[{"id":32450,"href":"https:\/\/usrogr.fr\/site\/wp-json\/wp\/v2\/pages\/32446\/revisions\/32450"}],"wp:attachment":[{"href":"https:\/\/usrogr.fr\/site\/wp-json\/wp\/v2\/media?parent=32446"}],"curies":[{"name":"wp","href":"https:\/\/api.w.org\/{rel}","templated":true}]}}