{"id":30849,"date":"2021-07-08T12:07:17","date_gmt":"2021-07-08T10:07:17","guid":{"rendered":"http:\/\/usrogr.fr\/site\/?page_id=30849"},"modified":"2021-07-08T12:07:17","modified_gmt":"2021-07-08T10:07:17","slug":"resultats-2008-2009","status":"publish","type":"page","link":"https:\/\/usrogr.fr\/site\/resultats-2008-2009\/","title":{"rendered":"R\u00e9sultats 2008-2009"},"content":{"rendered":"\n<p class=\"has-large-font-size\">Coupe formation 3<\/p>\n\n\n\n<p>Fiona ANDRE, Lorie LALYRE, Dorianne LUCIUS, Vincianne REINHARD et Crystelle RESTOUX ont valid\u00e9 la coupe formation 3, le 7 juin.<\/p>\n\n\n\n<p><\/p>\n\n\n\n<p class=\"has-large-font-size\">Ensembles \/ Duos<\/p>\n\n\n\n<p>DF1<br><\/p>\n\n\n\n<figure class=\"wp-block-table is-style-stripes\"><table><tbody><tr><td><strong>Benjamines<\/strong><\/td><td>D\u00e9partement <a href=\"http:\/\/www.ffgym.com\/applications\/palmares\/palmares_affiche.php?detail=O&amp;com_cle=25892&amp;idSession=c1d684e7ca401e3f951e29bd118df279\" target=\"_blank\" rel=\"noreferrer noopener\">(RESULTATS)<\/a><\/td><td>R\u00e9gion <a href=\"http:\/\/www.ffgym.com\/applications\/palmares\/palmares_affiche.php?detail=O&amp;com_cle=29286&amp;idSession=4f7eebd2b1917e4591e1abd8054fa44e\" target=\"_blank\" rel=\"noreferrer noopener\">(RESULTATS)<\/a><\/td><td>Zone <a href=\"http:\/\/www.ffgym.com\/applications\/palmares\/palmares_affiche.php?detail=O&amp;com_cle=31496&amp;idSession=66e26257862b8e38bed3842c5f7d5f23\" target=\"_blank\" rel=\"noreferrer noopener\">(RESULTATS)<\/a><\/td><td>France <a href=\"http:\/\/www.ffgym.com\/applications\/palmares\/palmares_affiche.php?detail=O&amp;com_cle=33120&amp;idSession=a72d828c34a4d818cce26a1aed613db7\" target=\"_blank\" rel=\"noreferrer noopener\">(RESULTATS)<\/a><\/td><\/tr><tr><td><strong>Quynh-Anh DANG Ma\u00ebvanne LEVEL, Morgane L&rsquo;HOSTIS, Maissane SADKI, Sa\u00efna TOUZEAU<\/strong><\/td><td><img loading=\"lazy\" decoding=\"async\" src=\"http:\/\/usrogr.fr\/img\/2.gif\" alt=\"2\u00e8mes\" width=\"36\" height=\"27\"><\/td><td>6\u00e8mes<\/td><td>6\u00e8mes<\/td><td>23\u00e8mes<\/td><\/tr><tr><td>&nbsp;<\/td><\/tr><tr><td><strong>Minimes<\/strong><\/td><td>D\u00e9partement <a href=\"http:\/\/www.ffgym.com\/applications\/palmares\/palmares_affiche.php?detail=O&amp;com_cle=25893&amp;idSession=c1d684e7ca401e3f951e29bd118df279\" target=\"_blank\" rel=\"noreferrer noopener\">(RESULTATS)<\/a><\/td><td>R\u00e9gion <a href=\"http:\/\/www.ffgym.com\/applications\/palmares\/palmares_affiche.php?detail=O&amp;com_cle=29287&amp;idSession=4f7eebd2b1917e4591e1abd8054fa44e\" target=\"_blank\" rel=\"noreferrer noopener\">(RESULTATS)<\/a><\/td><td>Zone <a href=\"http:\/\/www.ffgym.com\/applications\/palmares\/palmares_affiche.php?detail=O&amp;com_cle=31497&amp;idSession=66e26257862b8e38bed3842c5f7d5f23\" target=\"_blank\" rel=\"noreferrer noopener\">(RESULTATS)<\/a><\/td><td>France<\/td><\/tr><tr><td><strong>Coralie ACHARD, Alejandra BALTAR, Jennifer BALTAR, Julie BONHOMME, Chlo\u00e9 LEMAIRE<\/strong><\/td><td>4\u00e8mes<\/td><td>5\u00e8mes<\/td><td>14\u00e8mes<\/td><td>~<\/td><\/tr><tr><td>&nbsp;<\/td><\/tr><tr><td><strong>S\u00e9nior<\/strong><\/td><td>D\u00e9partement <a href=\"http:\/\/www.ffgym.com\/applications\/palmares\/palmares_affiche.php?detail=O&amp;com_cle=25896&amp;idSession=c1d684e7ca401e3f951e29bd118df279\" target=\"_blank\" rel=\"noreferrer noopener\">(RESULTATS)<\/a><\/td><td>R\u00e9gion <a href=\"http:\/\/www.ffgym.com\/applications\/palmares\/palmares_affiche.php?detail=O&amp;com_cle=29290&amp;idSession=4f7eebd2b1917e4591e1abd8054fa44e\" target=\"_blank\" rel=\"noreferrer noopener\">(RESULTATS)<\/a><\/td><td>Zone <a href=\"http:\/\/www.ffgym.com\/applications\/palmares\/palmares_affiche.php?detail=O&amp;com_cle=31500&amp;idSession=66e26257862b8e38bed3842c5f7d5f23\" target=\"_blank\" rel=\"noreferrer noopener\">(RESULTATS)<\/a><\/td><td>France<\/td><\/tr><tr><td><strong>Laure BOURNAT, Marjorie BOURNAT, Eva CHEMOUL, Chlo\u00e9 MOLES, Lauriane WATEL<\/strong><\/td><td>5\u00e8mes<\/td><td>12\u00e8mes<\/td><td>20\u00e8mes<\/td><td>~<\/td><\/tr><\/tbody><\/table><\/figure>\n\n\n\n<p>DC1<br><\/p>\n\n\n\n<figure class=\"wp-block-table is-style-stripes\"><table><tbody><tr><td><strong>Minimes<\/strong><\/td><td>D\u00e9partement <a href=\"http:\/\/www.ffgym.com\/applications\/palmares\/palmares_affiche.php?detail=O&amp;com_cle=25892&amp;idSession=c1d684e7ca401e3f951e29bd118df279\" target=\"_blank\" rel=\"noreferrer noopener\">(RESULTATS)<\/a><\/td><td>R\u00e9gion <a href=\"http:\/\/www.ffgym.com\/applications\/palmares\/palmares_affiche.php?detail=O&amp;com_cle=30376&amp;idSession=cd8bf28350cbbc16fd3e367016bb4241\" target=\"_blank\" rel=\"noreferrer noopener\">(RESULTATS)<\/a><\/td><td>Zone <a href=\"http:\/\/www.crifo-ffgym.com\/attachment\/142049\/\" target=\"_blank\" rel=\"noreferrer noopener\">(RESULTATS)<\/a><\/td><td>France<\/td><\/tr><tr><td>St\u00e9phanie AFONSO, Mathilde GRAVINA, In\u00e8sIBOUADILENE, Denise N&rsquo;SOH AHOBRE<\/td><td><img loading=\"lazy\" decoding=\"async\" src=\"http:\/\/usrogr.fr\/img\/1.gif\" alt=\"1\u00e8res\" width=\"36\" height=\"27\"><\/td><td>8\u00e8me<\/td><td>13<\/td><td>~<\/td><\/tr><tr><td>&nbsp;<\/td><\/tr><tr><td><strong>Cadettes\/juniors\/s\u00e9niors<\/strong><\/td><td>D\u00e9partement <a href=\"http:\/\/www.ffgym.com\/applications\/palmares\/palmares_affiche.php?detail=O&amp;com_cle=28638&amp;idSession=bfe618967783bc40e64a5c3fe3070f3f\" target=\"_blank\" rel=\"noreferrer noopener\">(RESULTATS)<\/a><\/td><td>R\u00e9gion <a href=\"http:\/\/www.ffgym.com\/applications\/palmares\/palmares_affiche.php?detail=O&amp;com_cle=30383&amp;idSession=cd8bf28350cbbc16fd3e367016bb4241\" target=\"_blank\" rel=\"noreferrer noopener\">(RESULTATS)<\/a><\/td><td>Zone <a href=\"http:\/\/www.crifo-ffgym.com\/attachment\/142049\/\" target=\"_blank\" rel=\"noreferrer noopener\">(RESULTATS)<\/a><\/td><td>France<\/td><\/tr><tr><td>Suzanne DE ARAUJO, Fr\u00e9d\u00e9rique FALLOPE Manon MARCELIN, Elodie MARTIN<\/td><td>4\u00e8mes<\/td><td>15\u00e8mes<\/td><td>17<\/td><td>~<\/td><\/tr><tr><td>DC2<\/td><\/tr><tr><td><strong>Poussines<\/strong><\/td><td>D\u00e9partement <a href=\"http:\/\/www.ffgym.com\/applications\/palmares\/palmares_affiche.php?detail=O&amp;com_cle=28648&amp;idSession=bfe618967783bc40e64a5c3fe3070f3f\" target=\"_blank\" rel=\"noreferrer noopener\">(RESULTATS)<\/a><\/td><td>R\u00e9gion <a href=\"http:\/\/www.ffgym.com\/applications\/palmares\/palmares_affiche.php?detail=O&amp;com_cle=30380&amp;idSession=cd8bf28350cbbc16fd3e367016bb4241\" target=\"_blank\" rel=\"noreferrer noopener\">(RESULTATS)<\/a><\/td><td>Zone <a href=\"http:\/\/www.crifo-ffgym.com\/attachment\/142049\/\" target=\"_blank\" rel=\"noreferrer noopener\">(RESULTATS)<\/a><\/td><td>France<\/td><\/tr><tr><td>Marie CAQUELOT, Clara CHADAL, Olivia COIMBRA, Vinciane REINHARD<\/td><td>7\u00e8mes<\/td><td>8\u00e8mes<\/td><td>5<\/td><td>finalit\u00e9 zone<\/td><\/tr><tr><td>DIR2<\/td><\/tr><tr><td><strong>Benjamines\/minimes<\/strong><\/td><td>D\u00e9partement <a href=\"http:\/\/www.ffgym.com\/applications\/palmares\/palmares_affiche.php?detail=O&amp;com_cle=28645&amp;idSession=bfe618967783bc40e64a5c3fe3070f3f\" target=\"_blank\" rel=\"noreferrer noopener\">(RESULTATS)<\/a><\/td><td>R\u00e9gion <a href=\"http:\/\/www.ffgym.com\/applications\/palmares\/palmares_affiche.php?detail=O&amp;com_cle=30387&amp;idSession=cd8bf28350cbbc16fd3e367016bb4241\" target=\"_blank\" rel=\"noreferrer noopener\">(RESULTATS)<\/a><\/td><td>Zone <a href=\"http:\/\/www.crifo-ffgym.com\/attachment\/142050\/\" target=\"_blank\" rel=\"noreferrer noopener\">(RESULTATS)<\/a><\/td><td>France<\/td><\/tr><tr><td>Orlane ARDON, Naomie GAUGIRARD<\/td><td><img loading=\"lazy\" decoding=\"async\" src=\"http:\/\/usrogr.fr\/img\/3.gif\" alt=\"3\u00e8mes\" width=\"36\" height=\"27\"><\/td><td>4\u00e8mes<\/td><td>10<\/td><td>finalit\u00e9 zone<\/td><\/tr><tr><td>Julia COUTO, Coralie COURTOIS, Aliz\u00e9e LEJUSTE-DINE<\/td><td>7\u00e8mes<\/td><td>13\u00e8mes<\/td><td>~<\/td><td>finalit\u00e9 zone<\/td><\/tr><\/tbody><\/table><\/figure>\n\n\n\n<p><\/p>\n\n\n\n<p class=\"has-large-font-size\">Individuelles DIR1<\/p>\n\n\n\n<figure class=\"wp-block-table is-style-stripes\"><table><tbody><tr><td><strong>Benjamines<\/strong><\/td><td>D\u00e9partement <a href=\"http:\/\/www.ffgym.com\/applications\/palmares\/palmares_affiche.php?detail=O&amp;com_cle=28649&amp;idSession=bfe618967783bc40e64a5c3fe3070f3f\" target=\"_blank\" rel=\"noreferrer noopener\">(RESULTATS)<\/a><\/td><td>R\u00e9gion <a href=\"http:\/\/www.ffgym.com\/applications\/palmares\/palmares_affiche.php?detail=O&amp;com_cle=30389&amp;idSession=cd8bf28350cbbc16fd3e367016bb4241\" target=\"_blank\" rel=\"noreferrer noopener\">(RESULTATS)<\/a><\/td><td>Zone <a href=\"http:\/\/www.crifo-ffgym.com\/attachment\/142050\/\" target=\"_blank\" rel=\"noreferrer noopener\">(RESULTATS)<\/a><\/td><td>France<\/td><\/tr><tr><td>Orlane ARDON<\/td><td>8 \u00e8me<\/td><td><img loading=\"lazy\" decoding=\"async\" src=\"http:\/\/usrogr.fr\/img\/3.gif\" alt=\"3\u00e8mes\" width=\"36\" height=\"27\"><\/td><td>24<\/td><td>finalit\u00e9 zone<\/td><\/tr><tr><td>Lucie BALINT<\/td><td>11\u00e8me<\/td><td>12\u00e8me<\/td><td>~<\/td><td>finalit\u00e9 zone<\/td><\/tr><tr><td>Naomie GAUGIRARD<\/td><td>12\u00e8me<\/td><td>4\u00e8me<\/td><td>16<\/td><td>finalit\u00e9 zone<\/td><\/tr><tr><td>&nbsp;<\/td><\/tr><tr><td><strong>Minimes<\/strong><\/td><td>D\u00e9partement <a href=\"http:\/\/www.ffgym.com\/applications\/palmares\/palmares_affiche.php?detail=O&amp;com_cle=28650&amp;idSession=bfe618967783bc40e64a5c3fe3070f3f\" target=\"_blank\" rel=\"noreferrer noopener\">(RESULTATS)<\/a><\/td><td>R\u00e9gion <a href=\"http:\/\/www.ffgym.com\/applications\/palmares\/palmares_affiche.php?detail=O&amp;com_cle=30391&amp;idSession=cd8bf28350cbbc16fd3e367016bb4241\" target=\"_blank\" rel=\"noreferrer noopener\">(RESULTATS)<\/a><\/td><td>Zone<\/td><td>France<\/td><\/tr><tr><td>Coralie COURTOIS<\/td><td>17\u00e8me<\/td><td>20\u00e8me<\/td><td>~<\/td><td>finalit\u00e9 zone<\/td><\/tr><tr><td>Aliz\u00e9e LEJUSTE-DINE<\/td><td>18\u00e8me<\/td><td>11\u00e8me<\/td><td>~<\/td><td>finalit\u00e9 zone<\/td><\/tr><\/tbody><\/table><\/figure>\n\n\n\n<p><\/p>\n\n\n\n<p class=\"has-large-font-size\">Individuelles Crit\u00e9rium \/ Pr\u00e9-f\u00e9d\u00e9rales \/ F\u00e9d\u00e9rales :<\/p>\n\n\n\n<p>Crit\u00e9rium :<\/p>\n\n\n\n<figure class=\"wp-block-table is-style-stripes\"><table><tbody><tr><td><strong>Benjamines<\/strong><\/td><td>D\u00e9partement <a href=\"http:\/\/www.ffgym.com\/applications\/palmares\/palmares_affiche.php?detail=O&amp;com_cle=20704&amp;idSession=e06d4b7ad4b092b3c6c2198fbe33eea5\" target=\"_blank\" rel=\"noreferrer noopener\">(RESULTATS)<\/a><\/td><td>R\u00e9gion <a href=\"http:\/\/www.crifo-ffgym.com\/index.php?preaction=joint&amp;id_joint=113073\" target=\"_blank\" rel=\"noreferrer noopener\">(RESULTATS)<\/a><\/td><td>Zone <a href=\"http:\/\/www.crifo-ffgym.com\/index.php?preaction=joint&amp;id_joint=117064\" target=\"_blank\" rel=\"noreferrer noopener\">(RESULTATS)<\/a><\/td><td>France<\/td><\/tr><tr><td>Quynh-Anh DANG<\/td><td>s\u00e9lection benjamine (46\u00e8)<\/td><td>7\u00e8me<\/td><td>8\u00e8me<\/td><td>finalit\u00e9 zone<\/td><\/tr><tr><td>Sa\u00efna TOUZEAU<\/td><td>s\u00e9lection benjamine (34\u00e8)<\/td><td>29\u00e8me<\/td><td>~<\/td><td>finalit\u00e9 zone<\/td><\/tr><\/tbody><\/table><\/figure>\n\n\n\n<p>Pr\u00e9-F\u00e9d\u00e9rales :<\/p>\n\n\n\n<figure class=\"wp-block-table is-style-stripes\"><table><tbody><tr><td><strong>Benjamines<\/strong><\/td><td>D\u00e9partement <a href=\"http:\/\/www.ffgym.com\/applications\/palmares\/palmares_affiche.php?detail=O&amp;com_cle=20704&amp;idSession=e06d4b7ad4b092b3c6c2198fbe33eea5\" target=\"_blank\" rel=\"noreferrer noopener\">(RESULTATS)<\/a><\/td><td>R\u00e9gion <a href=\"http:\/\/www.crifo-ffgym.com\/index.php?preaction=joint&amp;id_joint=113075\" target=\"_blank\" rel=\"noreferrer noopener\">(RESULTATS)<\/a><\/td><td>Zone <a href=\"http:\/\/www.crifo-ffgym.com\/index.php?preaction=joint&amp;id_joint=117064\" target=\"_blank\" rel=\"noreferrer noopener\">(RESULTATS)<\/a><\/td><td>France<\/td><\/tr><tr><td>Ma\u00ebvanne LEVEL<\/td><td>s\u00e9lection benjamine (20\u00e8)<\/td><td>8\u00e8me<\/td><td>14\u00e8me<\/td><td>finalit\u00e9 zone<\/td><\/tr><tr><td>Morgane L&rsquo;HOSTIS<\/td><td>s\u00e9lection benjamine (24\u00e8)<\/td><td>5\u00e8me<\/td><td>25\u00e8me<\/td><td>finalit\u00e9 zone<\/td><\/tr><tr><td>Maissane SADKI<\/td><td>s\u00e9lection benjamine (14\u00e8)<\/td><td>11\u00e8me<\/td><td>29\u00e8me<\/td><td>finalit\u00e9 zone<\/td><\/tr><tr><td><strong>Minimes<\/strong><\/td><td>D\u00e9partement <a href=\"http:\/\/www.cdgym91.com\/gr\/compet\/2009\/Corbeil09\/pfmin.pdf\" target=\"_blank\" rel=\"noreferrer noopener\">(RESULTATS)<\/a><\/td><td>R\u00e9gion <a href=\"http:\/\/www.crifo-ffgym.com\/index.php?preaction=joint&amp;id_joint=113076\" target=\"_blank\" rel=\"noreferrer noopener\">(RESULTATS)<\/a><\/td><td>Zone <a href=\"http:\/\/www.crifo-ffgym.com\/index.php?preaction=joint&amp;id_joint=117064\" target=\"_blank\" rel=\"noreferrer noopener\">(RESULTATS)<\/a><\/td><td>France<\/td><\/tr><tr><td>Coralie ACHARD<\/td><td>9\u00e8me<\/td><td>6\u00e8me<\/td><td>13\u00e8me<\/td><td>finalit\u00e9 zone<\/td><\/tr><tr><td>Alejandra BALTAR<\/td><td>14\u00e8me<\/td><td>11\u00e8me<\/td><td>9\u00e8me<\/td><td>finalit\u00e9 zone<\/td><\/tr><tr><td>Julie BONHOMME<\/td><td>18\u00e8me<\/td><td>18\u00e8me<\/td><td>17\u00e8me<\/td><td>finalit\u00e9 zone<\/td><\/tr><tr><td>Chlo\u00e9 LEMAIRE<\/td><td>12\u00e8me<\/td><td>21\u00e8me<\/td><td>25\u00e8me<\/td><td>finalit\u00e9 zone<\/td><\/tr><tr><td><strong>Cadettes<\/strong><\/td><td>D\u00e9partement <a href=\"http:\/\/www.cdgym91.com\/gr\/compet\/2009\/Corbeil09\/pfcad.pdf\" target=\"_blank\" rel=\"noreferrer noopener\">(RESULTATS)<\/a><\/td><td>R\u00e9gion <a href=\"http:\/\/www.crifo-ffgym.com\/index.php?preaction=joint&amp;id_joint=113077\" target=\"_blank\" rel=\"noreferrer noopener\">(RESULTATS)<\/a><\/td><td>Zone <a href=\"http:\/\/www.crifo-ffgym.com\/index.php?preaction=joint&amp;id_joint=117064\" target=\"_blank\" rel=\"noreferrer noopener\">(RESULTATS)<\/a><\/td><td>France<\/td><\/tr><tr><td>Chlo\u00e9 MOLES<\/td><td>11\u00e8me<\/td><td>29\u00e8me<\/td><td>~<\/td><td>finalit\u00e9 zone<\/td><\/tr><tr><td>Lauriane WATEL<\/td><td>10\u00e8me<\/td><td>23\u00e8me<\/td><td>~<\/td><td>finalit\u00e9 zone<\/td><\/tr><tr><td><strong>S\u00e9nior<\/strong><\/td><td>D\u00e9partement <a href=\"http:\/\/www.cdgym91.com\/gr\/compet\/2009\/Corbeil09\/pfsen.pdf\" target=\"_blank\" rel=\"noreferrer noopener\">(RESULTATS)<\/a><\/td><td>R\u00e9gion (RESULTATS :<a href=\"http:\/\/www.crifo-ffgym.com\/index.php?preaction=joint&amp;id_joint=113079\" target=\"_blank\" rel=\"noreferrer noopener\"> GROUPE 1<\/a> \/<a href=\"http:\/\/www.crifo-ffgym.com\/index.php?preaction=joint&amp;id_joint=113080\" target=\"_blank\" rel=\"noreferrer noopener\"> GROUPE 2<\/a>)<\/td><td>Zone <a href=\"http:\/\/www.crifo-ffgym.com\/index.php?preaction=joint&amp;id_joint=117064\" target=\"_blank\" rel=\"noreferrer noopener\">(RESULTATS)<\/a><\/td><td>France<\/td><\/tr><tr><td>Laure BOURNAT<\/td><td>11\u00e8me<\/td><td>14\u00e8me (groupe 1)<\/td><td>~<\/td><td>finalit\u00e9 zone<\/td><\/tr><tr><td>Marjorie BOURNAT<\/td><td>16\u00e8me<\/td><td>8\u00e8me (groupe 1)<\/td><td>~<\/td><td>finalit\u00e9 zone<\/td><\/tr><tr><td>Eva CHEMOUL<\/td><td>forfait<\/td><td>10\u00e8me (groupe 1)<\/td><td>~<\/td><td>finalit\u00e9 zone<\/td><\/tr><tr><td>Audrey JANUS<\/td><td>7\u00e8me<\/td><td>13\u00e8me (groupe 2)<\/td><td>~<\/td><td>finalit\u00e9 zone<\/td><\/tr><\/tbody><\/table><\/figure>\n\n\n\n<p>F\u00e9d\u00e9rales :<br><\/p>\n\n\n\n<figure class=\"wp-block-table is-style-stripes\"><table><tbody><tr><td><strong>Minime<\/strong><\/td><td>D\u00e9partement <a href=\"http:\/\/www.cdgym91.com\/gr\/compet\/2009\/Corbeil09\/fedmin.pdf\" target=\"_blank\" rel=\"noreferrer noopener\">(RESULTATS)<\/a><\/td><td>R\u00e9gion <a href=\"http:\/\/www.crifo-ffgym.com\/index.php?preaction=joint&amp;id_joint=113081\" target=\"_blank\" rel=\"noreferrer noopener\">(RESULTATS)<\/a><\/td><td>Zone <a href=\"http:\/\/www.crifo-ffgym.com\/index.php?preaction=joint&amp;id_joint=117064\" target=\"_blank\" rel=\"noreferrer noopener\">(RESULTATS)<\/a><\/td><td>France<\/td><\/tr><tr><td>Jennifer BALTAR<\/td><td>7\u00e8me<\/td><td>8\u00e8me<\/td><td>25\u00e8me<\/td><td>~<\/td><\/tr><tr><td><strong>S\u00e9nior<\/strong><\/td><td>D\u00e9partement <a href=\"http:\/\/www.cdgym91.com\/gr\/compet\/2009\/Corbeil09\/fedsen.pdf\" target=\"_blank\" rel=\"noreferrer noopener\">(RESULTATS)<\/a><\/td><td>R\u00e9gion <a href=\"http:\/\/www.crifo-ffgym.com\/index.php?preaction=joint&amp;id_joint=113083\" target=\"_blank\" rel=\"noreferrer noopener\">(RESULTATS)<\/a><\/td><td>Zone <a href=\"http:\/\/www.crifo-ffgym.com\/index.php?preaction=joint&amp;id_joint=117064\" target=\"_blank\" rel=\"noreferrer noopener\">(RESULTATS)<\/a><\/td><td>France<\/td><\/tr><tr><td>Vanessa BAJART<\/td><td>6\u00e8me<\/td><td>16\u00e8me<\/td><td>21\u00e8me<\/td><td>~<\/td><\/tr><\/tbody><\/table><\/figure>\n","protected":false},"excerpt":{"rendered":"<p>Coupe formation 3 Fiona ANDRE, Lorie LALYRE, Dorianne LUCIUS, Vincianne REINHARD et Crystelle RESTOUX ont valid\u00e9 la coupe formation 3, le 7 juin. Ensembles \/ Duos DF1 Benjamines D\u00e9partement (RESULTATS) R\u00e9gion (RESULTATS) Zone (RESULTATS) France (RESULTATS) Quynh-Anh DANG Ma\u00ebvanne LEVEL, Morgane L&rsquo;HOSTIS, Maissane SADKI, Sa\u00efna TOUZEAU 6\u00e8mes 6\u00e8mes 23\u00e8mes &nbsp; Minimes D\u00e9partement (RESULTATS) R\u00e9gion (RESULTATS) [&hellip;]<\/p>\n","protected":false},"author":1,"featured_media":0,"parent":0,"menu_order":0,"comment_status":"closed","ping_status":"closed","template":"","meta":{"footnotes":""},"class_list":["post-30849","page","type-page","status-publish","hentry"],"_links":{"self":[{"href":"https:\/\/usrogr.fr\/site\/wp-json\/wp\/v2\/pages\/30849","targetHints":{"allow":["GET"]}}],"collection":[{"href":"https:\/\/usrogr.fr\/site\/wp-json\/wp\/v2\/pages"}],"about":[{"href":"https:\/\/usrogr.fr\/site\/wp-json\/wp\/v2\/types\/page"}],"author":[{"embeddable":true,"href":"https:\/\/usrogr.fr\/site\/wp-json\/wp\/v2\/users\/1"}],"replies":[{"embeddable":true,"href":"https:\/\/usrogr.fr\/site\/wp-json\/wp\/v2\/comments?post=30849"}],"version-history":[{"count":1,"href":"https:\/\/usrogr.fr\/site\/wp-json\/wp\/v2\/pages\/30849\/revisions"}],"predecessor-version":[{"id":30850,"href":"https:\/\/usrogr.fr\/site\/wp-json\/wp\/v2\/pages\/30849\/revisions\/30850"}],"wp:attachment":[{"href":"https:\/\/usrogr.fr\/site\/wp-json\/wp\/v2\/media?parent=30849"}],"curies":[{"name":"wp","href":"https:\/\/api.w.org\/{rel}","templated":true}]}}