{"id":30847,"date":"2021-07-08T12:03:17","date_gmt":"2021-07-08T10:03:17","guid":{"rendered":"http:\/\/usrogr.fr\/site\/?page_id=30847"},"modified":"2021-07-08T12:03:17","modified_gmt":"2021-07-08T10:03:17","slug":"resultats-2009-2010","status":"publish","type":"page","link":"https:\/\/usrogr.fr\/site\/resultats-2009-2010\/","title":{"rendered":"R\u00e9sultats 2009-2010"},"content":{"rendered":"\n<p class=\"has-large-font-size\">Coupe formation 3<\/p>\n\n\n\n<p>F\u00e9licitations \u00e0 nos petites gymnastes qui ont r\u00e9ussi leur coupe formation 3 :<\/p>\n\n\n\n<ul class=\"wp-block-list\"><li>Victoria Bouzemam<\/li><li>Marie Caquelot<\/li><li>Clara Chadal<\/li><li>Olivia Coimbra<\/li><li>Myriam Khalloufi<\/li><li>Emilie Pel\u00e9<\/li><\/ul>\n\n\n\n<p><\/p>\n\n\n\n<p class=\"has-large-font-size\"><br>Individuelles DIR1<\/p>\n\n\n\n<figure class=\"wp-block-table is-style-stripes\"><table><tbody><tr><td><strong>Benjamines<\/strong><\/td><td>D\u00e9partement <a href=\"http:\/\/usrogr.fr\/DL\/resultats_dep_df_dc_10.pdf\" target=\"_blank\" rel=\"noreferrer noopener\">(RESULTATS)<\/a><\/td><td>R\u00e9gion <a href=\"http:\/\/usrogr.fr\/DL\/palmares_complet_gr_evry.pdf\" target=\"_blank\" rel=\"noreferrer noopener\">(RESULTATS)<\/a><\/td><td>Zone <a href=\"http:\/\/usrogr.fr\/DL\/resultats_zone_dc_10.pdf\" target=\"_blank\" rel=\"noreferrer noopener\">(RESULTATS)<\/a><\/td><td>France<\/td><\/tr><tr><td>Naomie GAUGIRARD<\/td><td><strong>9\u00e8me<\/strong><\/td><td><strong>8\u00e8me<\/strong><\/td><td><strong>19\u00e8me<\/strong><\/td><td>finalit\u00e9 zone<\/td><\/tr><tr><td>Vinciane REINHARD<\/td><td><strong>4\u00e8me<\/strong><\/td><td><strong>10\u00e8me<\/strong><\/td><td><strong>12\u00e8me<\/strong><\/td><td>finalit\u00e9 zone<\/td><\/tr><tr><td>&nbsp;<\/td><\/tr><tr><td><strong>Minimes<\/strong><\/td><td>D\u00e9partement <a href=\"http:\/\/usrogr.fr\/DL\/resultats_dep_df_dc_10.pdf\" target=\"_blank\" rel=\"noreferrer noopener\">(RESULTATS)<\/a><\/td><td>R\u00e9gion <a href=\"http:\/\/usrogr.fr\/DL\/palmares_complet_gr_evry.pdf\" target=\"_blank\" rel=\"noreferrer noopener\">(RESULTATS)<\/a><\/td><td>Zone <a href=\"http:\/\/usrogr.fr\/DL\/resultats_zone_dc_10.pdf\" target=\"_blank\" rel=\"noreferrer noopener\">(RESULTATS)<\/a><\/td><td>France<\/td><\/tr><tr><td>Aliz\u00e9e LEJUSTE-DINE<\/td><td><strong>19\u00e8me<\/strong><\/td><td>~<\/td><td>~<\/td><td>finalit\u00e9 zone<\/td><\/tr><tr><td>&nbsp;<\/td><td>&nbsp;<\/td><td>&nbsp;<\/td><td>&nbsp;<\/td><td>finalit\u00e9 zone<\/td><\/tr><tr><td><strong>Cadettes<\/strong><\/td><td>D\u00e9partement <a href=\"http:\/\/usrogr.fr\/DL\/resultats_dep_df_dc_10.pdf\" target=\"_blank\" rel=\"noreferrer noopener\">(RESULTATS)<\/a><\/td><td>R\u00e9gion <a href=\"http:\/\/usrogr.fr\/DL\/palmares_complet_gr___ris_orangis.pdf\" target=\"_blank\" rel=\"noreferrer noopener\">(RESULTATS)<\/a><\/td><td>Zone <a href=\"http:\/\/usrogr.fr\/DL\/resultats_zone_dc_10.pdf\" target=\"_blank\" rel=\"noreferrer noopener\">(RESULTATS)<\/a><\/td><td>France<\/td><\/tr><tr><td>Coralie COURTOIS<\/td><td><strong>10\u00e8me<\/strong><\/td><td><strong>25\u00e8me<\/strong><\/td><td>~<\/td><td>finalit\u00e9 zone<\/td><\/tr><\/tbody><\/table><\/figure>\n\n\n\n<p><\/p>\n\n\n\n<p class=\"has-large-font-size\">Ensembles \/ Duos<\/p>\n\n\n\n<figure class=\"wp-block-table is-style-stripes\"><table><tbody><tr><td>DC2<\/td><\/tr><tr><td><strong>Benjamines<\/strong><\/td><td>D\u00e9partement <a href=\"http:\/\/usrogr.fr\/DL\/resultats_dep_df_dc_10.pdf\" target=\"_blank\" rel=\"noreferrer noopener\">(RESULTATS)<\/a><\/td><td>R\u00e9gion <a href=\"http:\/\/usrogr.fr\/DL\/palmares_complet_gr_evry.pdf\" target=\"_blank\" rel=\"noreferrer noopener\">(RESULTATS)<\/a><\/td><td>Zone <a href=\"http:\/\/usrogr.fr\/DL\/resultats_zone_dc_10.pdf\" target=\"_blank\" rel=\"noreferrer noopener\">(RESULTATS)<\/a><\/td><td>France<\/td><\/tr><tr><td>Camille ARAUJO, Victoria BOUZEMAM, Nell GODIN, Lorie LALYRE, Elisa MORAND<\/td><td><strong>10\u00e8mes<\/strong><\/td><td><strong>17\u00e8mes<\/strong><\/td><td>~<\/td><td>~<\/td><\/tr><tr><td>&nbsp;<\/td><\/tr><tr><td>Fiona ANDRE, Vaina BRIAUCOURT, Emilie PELE, Vinciane REINHARD, Christelle RESTOUX<\/td><td><strong>7\u00e8mes<\/strong><\/td><td><strong>10\u00e8mes<\/strong><\/td><td><strong>20\u00e8mes<\/strong><\/td><td>~<\/td><\/tr><tr><td>&nbsp;<\/td><td>&nbsp;<\/td><td>&nbsp;<\/td><td>&nbsp;<\/td><td>&nbsp;<\/td><\/tr><tr><td><strong>Cadettes<\/strong><\/td><td>D\u00e9partement <a href=\"http:\/\/usrogr.fr\/DL\/resultats_dep_df_dc_10.pdf\" target=\"_blank\" rel=\"noreferrer noopener\">(RESULTATS)<\/a><\/td><td>R\u00e9gion <a href=\"http:\/\/usrogr.fr\/DL\/palmares_complet_gr___ris_orangis.pdf\" target=\"_blank\" rel=\"noreferrer noopener\">(RESULTATS)<\/a><\/td><td>Zone <a href=\"http:\/\/usrogr.fr\/DL\/resultats_zone_dc_10.pdf\" target=\"_blank\" rel=\"noreferrer noopener\">(RESULTATS)<\/a><\/td><td>France<\/td><\/tr><tr><td>St\u00e9phanie AFONSO, Coralie COURTOIS, Suzanne DE ARAUJO, Fr\u00e9d\u00e9rique FALLOPE, Manon MARCELIN<\/td><td><strong>6\u00e8mes<\/strong><\/td><td><strong>10\u00e8mes<\/strong><\/td><td><strong>18\u00e8mes<\/strong><\/td><td>~<\/td><\/tr><\/tbody><\/table><\/figure>\n\n\n\n<p>DF1<br><\/p>\n\n\n\n<figure class=\"wp-block-table is-style-stripes\"><table><tbody><tr><td><strong>Minimes<\/strong><\/td><td>D\u00e9partement <a href=\"http:\/\/usrogr.fr\/DL\/resultats_dep_df_dc_10.pdf\" target=\"_blank\" rel=\"noreferrer noopener\">(RESULTATS)<\/a><\/td><td>R\u00e9gion <a href=\"http:\/\/usrogr.fr\/DL\/palmares_complet_dn_df_dc1___region_gr.pdf\" target=\"_blank\" rel=\"noreferrer noopener\">(RESULTATS)<\/a><\/td><td>Zone <a href=\"http:\/\/usrogr.fr\/DL\/palmares_pdf.pdf\" target=\"_blank\" rel=\"noreferrer noopener\">(RESULTATS)<\/a><\/td><td>France<\/td><\/tr><tr><td><strong>Orlane ARDON, Quynh-Anh DANG Ma\u00ebvanne LEVEL, Morgane L&rsquo;HOSTIS, Maissane SADKI<\/strong><\/td><td><strong>4\u00e8mes<\/strong><\/td><td><strong>7\u00e8mes<\/strong><\/td><td><strong>12\u00e8mes<\/strong><\/td><td>~<\/td><\/tr><tr><td>&nbsp;<\/td><\/tr><tr><td><strong>Cadettes<\/strong><\/td><td>D\u00e9partement <a href=\"http:\/\/usrogr.fr\/DL\/resultats_dep_df_dc_10.pdf\" target=\"_blank\" rel=\"noreferrer noopener\">(RESULTATS)<\/a><\/td><td>R\u00e9gion<\/td><td>Zone<\/td><td>France<\/td><\/tr><tr><td><strong>Alejandra BALTAR, Jennifer BALTAR, Julie BONHOMME, Chlo\u00e9 LEMAIRE, Chlo\u00e9 MOLES, Lauriane WATEL<\/strong><\/td><td><strong>4\u00e8mes<\/strong><\/td><td><em>Forfait<\/em><\/td><td><em>Forfait<\/em><\/td><td>~<\/td><\/tr><\/tbody><\/table><\/figure>\n\n\n\n<p><\/p>\n\n\n\n<p class=\"has-large-font-size\">Individuelles Crit\u00e9rium \/ Pr\u00e9-f\u00e9d\u00e9rales \/ F\u00e9d\u00e9rales :<\/p>\n\n\n\n<p>Crit\u00e9rium :<\/p>\n\n\n\n<figure class=\"wp-block-table is-style-stripes\"><table><tbody><tr><td><strong>Benjamines<\/strong><\/td><td>D\u00e9partement <a href=\"http:\/\/usrogr.fr\/DL\/palmares_dep.pdf\" target=\"_blank\" rel=\"noreferrer noopener\">(RESULTATS)<\/a><\/td><td>R\u00e9gion <a href=\"http:\/\/usrogr.fr\/DL\/palmares_gous1.pdf\" target=\"_blank\" rel=\"noreferrer noopener\">(RESULTATS)<\/a><\/td><td>Zone<\/td><td>France<\/td><\/tr><tr><td>Orlane ARDON<\/td><td>s\u00e9lection benjamine<\/td><td><strong>23<\/strong>\u00e8me<\/td><td>~<\/td><td>finalit\u00e9 zone<\/td><\/tr><\/tbody><\/table><\/figure>\n\n\n\n<p>Pr\u00e9-F\u00e9d\u00e9rales :<\/p>\n\n\n\n<figure class=\"wp-block-table is-style-stripes\"><table><tbody><tr><td><strong>Poussines<\/strong><\/td><td>D\u00e9partement <a href=\"http:\/\/usrogr.fr\/DL\/palmares_dep.pdf\" target=\"_blank\" rel=\"noreferrer noopener\">(RESULTATS)<\/a><\/td><td>R\u00e9gion <a href=\"http:\/\/usrogr.fr\/DL\/palmares_gous1.pdf\" target=\"_blank\" rel=\"noreferrer noopener\">(RESULTATS)<\/a><\/td><td>Zone <a href=\"http:\/\/usrogr.fr\/DL\/palmares_complet_zone_indiv_gr_09_10_1_.pdf\" target=\"_blank\" rel=\"noreferrer noopener\">(RESULTATS)<\/a><\/td><td>France<\/td><\/tr><tr><td>Marie CAQUELOT<\/td><td><em>Forfait<\/em><\/td><td><strong>13<\/strong>\u00e8me<\/td><td><strong>28<\/strong>\u00e8me<\/td><td>finalit\u00e9 zone<\/td><\/tr><tr><td>Clara CHADAL<\/td><td><strong>13<\/strong>\u00e8me<\/td><td><strong>13<\/strong>\u00e8me<\/td><td><strong>21<\/strong>\u00e8me<\/td><td>finalit\u00e9 zone<\/td><\/tr><tr><td>Olivia COINBRA<\/td><td><strong>15<\/strong>\u00e8me<\/td><td><strong>8<\/strong>\u00e8me<\/td><td><strong>29<\/strong>\u00e8me<\/td><td>finalit\u00e9 zone<\/td><\/tr><tr><td><strong>Benjamines<\/strong><\/td><td>D\u00e9partement <a href=\"http:\/\/usrogr.fr\/DL\/palmares_dep.pdf\" target=\"_blank\" rel=\"noreferrer noopener\">(RESULTATS)<\/a><\/td><td>R\u00e9gion <a href=\"http:\/\/usrogr.fr\/DL\/palmares_gous1.pdf\" target=\"_blank\" rel=\"noreferrer noopener\">(RESULTATS)<\/a><\/td><td>Zone <a href=\"http:\/\/usrogr.fr\/DL\/palmares_complet_zone_indiv_gr_09_10_1_.pdf\" target=\"_blank\" rel=\"noreferrer noopener\">(RESULTATS)<\/a><\/td><td>France<\/td><\/tr><tr><td>Morgane L&rsquo;HOSTIS<\/td><td>s\u00e9lection benjamine<\/td><td><strong>14<\/strong>\u00e8me<\/td><td><img loading=\"lazy\" decoding=\"async\" src=\"http:\/\/usrogr.fr\/img\/3.gif\" alt=\"3\u00e8me\" width=\"36\" height=\"27\"><\/td><td>finalit\u00e9 zone<\/td><\/tr><tr><td><strong>Minimes<\/strong><\/td><td>D\u00e9partement <a href=\"http:\/\/usrogr.fr\/DL\/palmares_dep.pdf\" target=\"_blank\" rel=\"noreferrer noopener\">(RESULTATS)<\/a><\/td><td>R\u00e9gion <a href=\"http:\/\/usrogr.fr\/DL\/palmares_gous1.pdf\" target=\"_blank\" rel=\"noreferrer noopener\">(RESULTATS)<\/a><\/td><td>Zone <a href=\"http:\/\/usrogr.fr\/DL\/palmares_complet_zone_indiv_gr_09_10_1_.pdf\" target=\"_blank\" rel=\"noreferrer noopener\">(RESULTATS)<\/a><\/td><td>France<\/td><\/tr><tr><td>Quynh-Anh DANG<\/td><td><strong>6<\/strong>\u00e8me<\/td><td><strong>14<\/strong>\u00e8me<\/td><td><strong>24<\/strong>\u00e8me<\/td><td>finalit\u00e9 zone<\/td><\/tr><tr><td>Chlo\u00e9 LEMAIRE<\/td><td><strong>9<\/strong>\u00e8me<\/td><td><strong>24<\/strong>\u00e8me<\/td><td>~<\/td><td>finalit\u00e9 zone<\/td><\/tr><tr><td>Ma\u00ebvane LEVEL<\/td><td><strong>11<\/strong>\u00e8me<\/td><td><strong>23<\/strong>\u00e8me<\/td><td>~<\/td><td>finalit\u00e9 zone<\/td><\/tr><tr><td>Ma\u00efssane SADKI<\/td><td><strong>10<\/strong>\u00e8me<\/td><td><strong>26<\/strong>\u00e8me<\/td><td>~<\/td><td>finalit\u00e9 zone<\/td><\/tr><tr><td><strong>Cadettes<\/strong><\/td><td>D\u00e9partement <a href=\"http:\/\/usrogr.fr\/DL\/palmares_dep.pdf\" target=\"_blank\" rel=\"noreferrer noopener\">(RESULTATS)<\/a><\/td><td>R\u00e9gion <a href=\"http:\/\/usrogr.fr\/DL\/palmares_gous1.pdf\" target=\"_blank\" rel=\"noreferrer noopener\">(RESULTATS)<\/a><\/td><td>Zone <a href=\"http:\/\/usrogr.fr\/DL\/palmares_complet_zone_indiv_gr_09_10_1_.pdf\" target=\"_blank\" rel=\"noreferrer noopener\">(RESULTATS)<\/a><\/td><td>France<\/td><\/tr><tr><td>Alejandra BALTAR<\/td><td><strong>11<\/strong>\u00e8me<\/td><td><strong>15<\/strong>\u00e8me<\/td><td><strong>28<\/strong>\u00e8me<\/td><td>finalit\u00e9 zone<\/td><\/tr><tr><td>Jennifer BALTAR<\/td><td><strong>4<\/strong>\u00e8me<\/td><td><strong>18<\/strong>\u00e8me<\/td><td><strong>20<\/strong>\u00e8me<\/td><td>finalit\u00e9 zone<\/td><\/tr><tr><td>Julie BONHOMME<\/td><td><strong>12<\/strong>\u00e8me<\/td><td><strong>24<\/strong>\u00e8me<\/td><td>~<\/td><td>finalit\u00e9 zone<\/td><\/tr><tr><td>Chlo\u00e9 MOLES<\/td><td><strong>9<\/strong>\u00e8me<\/td><td><strong>22<\/strong>\u00e8me<\/td><td>~<\/td><td>finalit\u00e9 zone<\/td><\/tr><tr><td>Lauriane WATEL<\/td><td><strong>7<\/strong>\u00e8me<\/td><td><strong>20<\/strong>\u00e8me<\/td><td>~<\/td><td>finalit\u00e9 zone<\/td><\/tr><tr><td><strong>S\u00e9nior<\/strong><\/td><td>D\u00e9partement <a href=\"http:\/\/usrogr.fr\/DL\/palmares_dep.pdf\" target=\"_blank\" rel=\"noreferrer noopener\">(RESULTATS)<\/a><\/td><td>R\u00e9gion <a href=\"http:\/\/usrogr.fr\/DL\/palmares_gous2.pdf\" target=\"_blank\" rel=\"noreferrer noopener\">(RESULTATS)<\/a><\/td><td>Zone <a href=\"http:\/\/usrogr.fr\/DL\/palmares_complet_zone_indiv_gr_09_10_1_.pdf\" target=\"_blank\" rel=\"noreferrer noopener\">(RESULTATS)<\/a><\/td><td>France<\/td><\/tr><tr><td>Marjorie BOURNAT<\/td><td><em>Forfait<\/em><\/td><td><strong>17<\/strong>\u00e8me<\/td><td>~<\/td><td>finalit\u00e9 zone<\/td><\/tr><tr><td>Eva CHEMOUL<\/td><td><strong>6<\/strong>\u00e8me<\/td><td><strong>19<\/strong>\u00e8me<\/td><td>~<\/td><td>finalit\u00e9 zone<\/td><\/tr><\/tbody><\/table><\/figure>\n\n\n\n<p>F\u00e9d\u00e9rales :<br><\/p>\n\n\n\n<figure class=\"wp-block-table is-style-stripes\"><table><tbody><tr><td><strong>S\u00e9nior<\/strong><\/td><td>D\u00e9partement <a href=\"http:\/\/usrogr.fr\/DL\/palmares_dep.pdf\" target=\"_blank\" rel=\"noreferrer noopener\">(RESULTATS)<\/a><\/td><td>R\u00e9gion <a href=\"http:\/\/usrogr.fr\/DL\/palmares_gous1.pdf\" target=\"_blank\" rel=\"noreferrer noopener\">(RESULTATS)<\/a><\/td><td>Zone <a href=\"http:\/\/usrogr.fr\/DL\/palmares_complet_zone_indiv_gr_09_10_1_.pdf\" target=\"_blank\" rel=\"noreferrer noopener\">(RESULTATS)<\/a><\/td><td>France<\/td><\/tr><tr><td>Vanessa BAJART<\/td><td><strong>8<\/strong>\u00e8me<\/td><td><strong>18<\/strong>\u00e8me<\/td><td><strong>23<\/strong>\u00e8me<\/td><td>~<\/td><\/tr><\/tbody><\/table><\/figure>\n","protected":false},"excerpt":{"rendered":"<p>Coupe formation 3 F\u00e9licitations \u00e0 nos petites gymnastes qui ont r\u00e9ussi leur coupe formation 3 : Victoria Bouzemam Marie Caquelot Clara Chadal Olivia Coimbra Myriam Khalloufi Emilie Pel\u00e9 Individuelles DIR1 Benjamines D\u00e9partement (RESULTATS) R\u00e9gion (RESULTATS) Zone (RESULTATS) France Naomie GAUGIRARD 9\u00e8me 8\u00e8me 19\u00e8me finalit\u00e9 zone Vinciane REINHARD 4\u00e8me 10\u00e8me 12\u00e8me finalit\u00e9 zone &nbsp; Minimes D\u00e9partement [&hellip;]<\/p>\n","protected":false},"author":1,"featured_media":0,"parent":0,"menu_order":0,"comment_status":"closed","ping_status":"closed","template":"","meta":{"footnotes":""},"class_list":["post-30847","page","type-page","status-publish","hentry"],"_links":{"self":[{"href":"https:\/\/usrogr.fr\/site\/wp-json\/wp\/v2\/pages\/30847","targetHints":{"allow":["GET"]}}],"collection":[{"href":"https:\/\/usrogr.fr\/site\/wp-json\/wp\/v2\/pages"}],"about":[{"href":"https:\/\/usrogr.fr\/site\/wp-json\/wp\/v2\/types\/page"}],"author":[{"embeddable":true,"href":"https:\/\/usrogr.fr\/site\/wp-json\/wp\/v2\/users\/1"}],"replies":[{"embeddable":true,"href":"https:\/\/usrogr.fr\/site\/wp-json\/wp\/v2\/comments?post=30847"}],"version-history":[{"count":1,"href":"https:\/\/usrogr.fr\/site\/wp-json\/wp\/v2\/pages\/30847\/revisions"}],"predecessor-version":[{"id":30848,"href":"https:\/\/usrogr.fr\/site\/wp-json\/wp\/v2\/pages\/30847\/revisions\/30848"}],"wp:attachment":[{"href":"https:\/\/usrogr.fr\/site\/wp-json\/wp\/v2\/media?parent=30847"}],"curies":[{"name":"wp","href":"https:\/\/api.w.org\/{rel}","templated":true}]}}