{"id":30839,"date":"2021-07-08T11:43:55","date_gmt":"2021-07-08T09:43:55","guid":{"rendered":"http:\/\/usrogr.fr\/site\/?page_id=30839"},"modified":"2021-07-08T11:43:55","modified_gmt":"2021-07-08T09:43:55","slug":"resultats-2013-2014","status":"publish","type":"page","link":"https:\/\/usrogr.fr\/site\/resultats-2013-2014\/","title":{"rendered":"R\u00e9sultats 2013-2014"},"content":{"rendered":"\n<p class=\"has-large-font-size\">Coupe Formation 3 :<\/p>\n\n\n\n<p>F\u00e9licitations \u00e0 Lauryne LE CRESSEVEUR, Sophia MAOUCHE, Tiffany RAKOTOMAHEFASON, Oc\u00e9ane SERTIER, Fatou SOW, La\u00ebtitia VANITOU et Malicia VENCATASAMY qui ont toutes valid\u00e9 leur coupe formation 3 ! Elles ont obtenu le ruban bleu.<\/p>\n\n\n\n<p><\/p>\n\n\n\n<p class=\"has-large-font-size\">Ensembles et duos :<\/p>\n\n\n\n<p>DF3 :<\/p>\n\n\n\n<figure class=\"wp-block-table is-style-stripes\"><table><tbody><tr><td><strong>Cadettes\/juniors\/Seniors<\/strong><\/td><td>D\u00e9partement <a href=\"http:\/\/usrogr.fr\/DL\/res_maisse_14.pdf\" target=\"_blank\" rel=\"noreferrer noopener\">(r\u00e9sultats)<\/a><\/td><td>R\u00e9gion <a href=\"http:\/\/usrogr.fr\/DL\/res_reg_df_precrit_14.pdf\" target=\"_blank\" rel=\"noreferrer noopener\">(r\u00e9sultats)<\/a><\/td><td>Zone <a href=\"http:\/\/usrogr.fr\/DL\/res_zone_df_14.pdf\" target=\"_blank\" rel=\"noreferrer noopener\">(r\u00e9sultats)<\/a><\/td><\/tr><tr><td>Clara CHADAL et Vinciane REINHARD<\/td><td>5\u00e8<\/td><td>14\u00e8<\/td><td>19\u00e8<\/td><\/tr><\/tbody><\/table><\/figure>\n\n\n\n<p>DC1 :<\/p>\n\n\n\n<figure class=\"wp-block-table is-style-stripes\"><table><tbody><tr><td><strong>Minimes<\/strong><\/td><td>D\u00e9partement <a href=\"http:\/\/usrogr.fr\/DL\/res_maisse_14.pdf\" target=\"_blank\" rel=\"noreferrer noopener\">(r\u00e9sultats)<\/a><\/td><td>R\u00e9gion <a href=\"http:\/\/usrogr.fr\/DL\/res_reg_DC_14_corbeil.pdf\" target=\"_blank\" rel=\"noreferrer noopener\">(r\u00e9sultats)<\/a><\/td><td>Zone <a href=\"http:\/\/usrogr.fr\/DL\/res_zone_dc_14.pdf\" target=\"_blank\" rel=\"noreferrer noopener\">(r\u00e9sultats)<\/a><\/td><td>France <a href=\"http:\/\/usrogr.fr\/DL\/GR_DIVISION_CRITERIUM_1_MINIME.pdf\" target=\"_blank\" rel=\"noreferrer noopener\">(r\u00e9sultats)<\/a><\/td><\/tr><tr><td>Julia BOUDRANE, Olivia COIMBRA, Lena GASPAR et M\u00e9lissandre HADZIC<\/td><td><img decoding=\"async\" src=\"http:\/\/usrogr.fr\/img\/2.gif\" alt=\"2\u00e8\"><\/td><td><img decoding=\"async\" src=\"http:\/\/usrogr.fr\/img\/3.gif\" alt=\"3\u00e8\"><\/td><td>6\u00e8<\/td><td>21\u00e8<\/td><\/tr><tr><td><strong>Juniors<\/strong><\/td><td>D\u00e9partement <a href=\"http:\/\/usrogr.fr\/DL\/res_maisse_14.pdf\" target=\"_blank\" rel=\"noreferrer noopener\">(r\u00e9sultats)<\/a><\/td><td>R\u00e9gion <a href=\"http:\/\/usrogr.fr\/DL\/res_reg_DC_14_corbeil.pdf\" target=\"_blank\" rel=\"noreferrer noopener\">(r\u00e9sultats)<\/a><\/td><td>Zone <a href=\"http:\/\/usrogr.fr\/DL\/res_zone_dc_14.pdf\" target=\"_blank\" rel=\"noreferrer noopener\">(r\u00e9sultats)<\/a><\/td><td>France<\/td><\/tr><tr><td>Orlane ARDON, Quynh-Anh DANG, Naomie GAUGIRARD et Ma\u00efssane SADKI<\/td><td><img decoding=\"async\" src=\"http:\/\/usrogr.fr\/img\/1.gif\" alt=\"1\u00e8\"><\/td><td>4\u00e8<\/td><td><img decoding=\"async\" src=\"http:\/\/usrogr.fr\/img\/3.gif\" alt=\"3\u00e8\"><\/td><td>Forfait<\/td><\/tr><\/tbody><\/table><\/figure>\n\n\n\n<p>DC2 :<\/p>\n\n\n\n<figure class=\"wp-block-table is-style-stripes\"><table><tbody><tr><td><strong>Benjamines<\/strong><\/td><td>D\u00e9partement <a href=\"http:\/\/usrogr.fr\/DL\/res_maisse_14.pdf\" target=\"_blank\" rel=\"noreferrer noopener\">(r\u00e9sultats)<\/a><\/td><td>R\u00e9gion <a href=\"http:\/\/usrogr.fr\/DL\/res_reg_DC_14_corbeil.pdf\" target=\"_blank\" rel=\"noreferrer noopener\">(r\u00e9sultats)<\/a><\/td><td>Zone <a href=\"http:\/\/usrogr.fr\/DL\/res_zone_dc_14.pdf\" target=\"_blank\" rel=\"noreferrer noopener\">(r\u00e9sultats)<\/a><\/td><td>France<\/td><\/tr><tr><td>Kessy ARTAXE, Oc\u00e9ane HOTCA, Rebecca PETITEAU, Ludine POULHAZAN et Jeanne SALA<\/td><td>4\u00e8<\/td><td>8\u00e8<\/td><td>17\u00e8<\/td><td>~<\/td><\/tr><tr><td><strong>Cadettes<\/strong><\/td><td>D\u00e9partement <a href=\"http:\/\/usrogr.fr\/DL\/res_maisse_14.pdf\" target=\"_blank\" rel=\"noreferrer noopener\">(r\u00e9sultats)<\/a><\/td><td>R\u00e9gion <a href=\"http:\/\/usrogr.fr\/DL\/res_reg_DC_14_corbeil.pdf\" target=\"_blank\" rel=\"noreferrer noopener\">(r\u00e9sultats)<\/a><\/td><td>Zone <a href=\"http:\/\/usrogr.fr\/DL\/res_zone_dc_14.pdf\" target=\"_blank\" rel=\"noreferrer noopener\">(r\u00e9sultats)<\/a><\/td><td>France<\/td><\/tr><tr><td>Camille ARAUJO, Jahna ARTAXE, In\u00e8s RABETAFIKA, Amandine RAOULT et Christelle RESTOUX<\/td><td>5\u00e8<\/td><td>5\u00e8<\/td><td>9\u00e8<\/td><td>~<\/td><\/tr><\/tbody><\/table><\/figure>\n\n\n\n<p>DIR3 :<\/p>\n\n\n\n<figure class=\"wp-block-table is-style-stripes\"><table><tbody><tr><td><strong>Benjamines<\/strong><\/td><td>D\u00e9partement <a href=\"http:\/\/usrogr.fr\/DL\/res_maisse_14.pdf\" target=\"_blank\" rel=\"noreferrer noopener\">(r\u00e9sultats)<\/a><\/td><td>R\u00e9gion <a href=\"http:\/\/usrogr.fr\/DL\/res_reg_DC_14_ris.pdf\" target=\"_blank\" rel=\"noreferrer noopener\">(r\u00e9sultats)<\/a><\/td><td>Zone <a href=\"http:\/\/usrogr.fr\/DL\/res_zone_dir_14.pdf\" target=\"_blank\" rel=\"noreferrer noopener\">(r\u00e9sultats)<\/a><\/td><\/tr><tr><td>Margot BANSARD, Carla DEBOUCHE, Christiana FAIAS DE OLIVEIRA, Morgane GUILJEAN, Gwennaelle TRUONG et Maelyse VAILLANT<\/td><td><img decoding=\"async\" src=\"http:\/\/usrogr.fr\/img\/1.gif\" alt=\"1\u00e8\"><\/td><td>8\u00e8<\/td><td>7\u00e8<\/td><\/tr><\/tbody><\/table><\/figure>\n\n\n\n<p>DC4 :<\/p>\n\n\n\n<figure class=\"wp-block-table is-style-stripes\"><table><tbody><tr><td><strong>Benjamines<\/strong><\/td><td>D\u00e9partement <a href=\"http:\/\/usrogr.fr\/DL\/res_morsang_dc4_14.pdf\" target=\"_blank\" rel=\"noreferrer noopener\">(r\u00e9sultats)<\/a><\/td><td>R\u00e9gion <a href=\"http:\/\/usrogr.fr\/DL\/res_reg_DC_14_corbeil.pdf\" target=\"_blank\" rel=\"noreferrer noopener\">(r\u00e9sultats)<\/a><\/td><td>Zone <a href=\"http:\/\/usrogr.fr\/DL\/res_zone_dc_14.pdf\" target=\"_blank\" rel=\"noreferrer noopener\">(r\u00e9sultats)<\/a><\/td><td>France<\/td><\/tr><tr><td>Ma\u00e9 CHEVALIER, Maelys LEMAY, Oc\u00e9ane SERTIER et Alicia TSIMBA<\/td><td>5\u00e8<\/td><td>10\u00e8<\/td><td>21\u00e8<\/td><td>~<\/td><\/tr><tr><td>Sarah BELKAID, Maeva CLAVEAU, Dolores DE CORDIER et Shania LOUISA<\/td><td>6\u00e8<\/td><td>17\u00e8<\/td><td>~<\/td><td>~<\/td><\/tr><tr><td><strong>Cadettes\/juniors\/Seniors<\/strong><\/td><td>D\u00e9partement <a href=\"http:\/\/usrogr.fr\/DL\/res_morsang_dc4_14.pdf\" target=\"_blank\" rel=\"noreferrer noopener\">(r\u00e9sultats)<\/a><\/td><td>R\u00e9gion <a href=\"http:\/\/usrogr.fr\/DL\/res_reg_DC_14_ris.pdf\" target=\"_blank\" rel=\"noreferrer noopener\">(r\u00e9sultats)<\/a><\/td><td>Zone <a href=\"http:\/\/usrogr.fr\/DL\/res_zone_dc_14.pdf\" target=\"_blank\" rel=\"noreferrer noopener\">(r\u00e9sultats)<\/a><\/td><td>France<\/td><\/tr><tr><td>El\u00e9a CHEVALIER, Assia DJELLALI, Anissa EL AFIA, Hanna GENC, Christelle ONESTAS et Shirley OTHILY<\/td><td>7\u00e8<\/td><td>13\u00e8<\/td><td>30\u00e8<\/td><td>~<\/td><\/tr><\/tbody><\/table><\/figure>\n\n\n\n<p><\/p>\n\n\n\n<p class=\"has-large-font-size\">Individuelles Pr\u00e9-Crit\u00e9rium :<\/p>\n\n\n\n<figure class=\"wp-block-table is-style-stripes\"><table><tbody><tr><td><strong>Benjamines<\/strong><\/td><td>D\u00e9partement <a href=\"http:\/\/usrogr.fr\/DL\/res_morsang_precrit_14.pdf\" target=\"_blank\" rel=\"noreferrer noopener\">(r\u00e9sultats)<\/a><\/td><td>R\u00e9gion <a href=\"http:\/\/usrogr.fr\/DL\/res_reg_df_precrit_14.pdf\" target=\"_blank\" rel=\"noreferrer noopener\">(r\u00e9sultats)<\/a><\/td><\/tr><tr><td>Kessy ARTAXE<\/td><td>13\u00e8<\/td><td>4\u00e8<\/td><\/tr><tr><td>Oc\u00e9ane HOTCA<\/td><td>7\u00e8<\/td><td>5\u00e8<\/td><\/tr><tr><td>Rebecca PETITEAU<\/td><td>17\u00e8<\/td><td>10\u00e8<\/td><\/tr><tr><td>Ludine POULHAZAN<\/td><td>12\u00e8<\/td><td>15\u00e8<\/td><\/tr><tr><td>Jeanne SALA<\/td><td>29\u00e8<\/td><td>Forfait<\/td><\/tr><tr><td><strong>Minimes<\/strong><\/td><td>D\u00e9partement <a href=\"http:\/\/usrogr.fr\/DL\/res_morsang_precrit_14.pdf\" target=\"_blank\" rel=\"noreferrer noopener\">(r\u00e9sultats)<\/a><\/td><td>R\u00e9gion <a href=\"http:\/\/usrogr.fr\/DL\/res_reg_df_precrit_14.pdf\" target=\"_blank\" rel=\"noreferrer noopener\">(r\u00e9sultats)<\/a><\/td><\/tr><tr><td>Manon ARAUJO<\/td><td>15\u00e8<\/td><td>10\u00e8<\/td><\/tr><tr><td>Jahna ARTAXE<\/td><td>7\u00e8<\/td><td>7\u00e8<\/td><\/tr><tr><td>Amandine RAOULT<\/td><td><img decoding=\"async\" src=\"http:\/\/usrogr.fr\/img\/1.gif\" alt=\"1\u00e8\"><\/td><td>11\u00e8<\/td><\/tr><tr><td><strong>Cadettes<\/strong><\/td><td>D\u00e9partement <a href=\"http:\/\/usrogr.fr\/DL\/res_morsang_precrit_14.pdf\" target=\"_blank\" rel=\"noreferrer noopener\">(r\u00e9sultats)<\/a><\/td><td>R\u00e9gion <a href=\"http:\/\/usrogr.fr\/DL\/res_reg_df_precrit_14.pdf\" target=\"_blank\" rel=\"noreferrer noopener\">(r\u00e9sultats)<\/a><\/td><\/tr><tr><td>Camille ARAUJO<\/td><td><img decoding=\"async\" src=\"http:\/\/usrogr.fr\/img\/1.gif\" alt=\"1\u00e8\"><\/td><td>10\u00e8<\/td><\/tr><tr><td>Victoria BOUZEMAM<\/td><td>12\u00e8<\/td><td>18\u00e8<\/td><\/tr><tr><td>Christelle RESTOUX<\/td><td>7\u00e8<\/td><td>6\u00e8<\/td><\/tr><\/tbody><\/table><\/figure>\n\n\n\n<p class=\"has-large-font-size\">Individuelles Crit\u00e9rium \/ Pr\u00e9-f\u00e9d\u00e9rales \/ F\u00e9d\u00e9rales \/ Nationales B :<\/p>\n\n\n\n<p>Crit\u00e9rium :<\/p>\n\n\n\n<figure class=\"wp-block-table is-style-stripes\"><table><tbody><tr><td><strong>Minimes<\/strong><\/td><td>D\u00e9partement <a href=\"http:\/\/usrogr.fr\/DL\/res_dep_wissous_13.pdf\" target=\"_blank\" rel=\"noreferrer noopener\">(r\u00e9sultats)<\/a><\/td><td>R\u00e9gion <a href=\"http:\/\/usrogr.fr\/DL\/results_reg_elancourt_13_14.pdf\" target=\"_blank\" rel=\"noreferrer noopener\">(r\u00e9sultats)<\/a><\/td><td>Zone <a href=\"http:\/\/usrogr.fr\/DL\/res_zone_corbeil13.pdf\" target=\"_blank\" rel=\"noreferrer noopener\">(r\u00e9sultats)<\/a><\/td><td>France<\/td><\/tr><tr><td>Julia BOUDRANE<\/td><td>5\u00e8<\/td><td>15\u00e8<\/td><td>~<\/td><td>~<\/td><\/tr><tr><td>Clara CHADAL<\/td><td>32\u00e8<\/td><td>37\u00e8<\/td><td>~<\/td><td>~<\/td><\/tr><tr><td>Olivia COIMBRA<\/td><td>7\u00e8<\/td><td>6\u00e8<\/td><td>10\u00e8<\/td><td>~<\/td><\/tr><tr><td>Lena GASPAR<\/td><td>21\u00e8<\/td><td>32\u00e8<\/td><td>~<\/td><td>~<\/td><\/tr><tr><td>M\u00e9lissandre HADZIC<\/td><td>15\u00e8<\/td><td>7\u00e8<\/td><td>31\u00e8<\/td><td>~<\/td><\/tr><tr><td><strong>Cadettes<\/strong><\/td><td>D\u00e9partement <a href=\"http:\/\/usrogr.fr\/DL\/res_dep_wissous_13.pdf\" target=\"_blank\" rel=\"noreferrer noopener\">(r\u00e9sultats)<\/a><\/td><td>R\u00e9gion <a href=\"http:\/\/usrogr.fr\/DL\/results_reg_elancourt_13_14.pdf\" target=\"_blank\" rel=\"noreferrer noopener\">(r\u00e9sultats)<\/a><\/td><td>Zone <a href=\"http:\/\/usrogr.fr\/DL\/res_zone_corbeil13.pdf\" target=\"_blank\" rel=\"noreferrer noopener\">(r\u00e9sultats)<\/a><\/td><td>France <a href=\"http:\/\/usrogr.fr\/DL\/belfort_GR_CRITERIUM_CADETTE_GR_GENERAL.pdf\" target=\"_blank\" rel=\"noreferrer noopener\">(r\u00e9sultats)<\/a><\/td><\/tr><tr><td>Orlane ARDON<\/td><td><img decoding=\"async\" src=\"http:\/\/usrogr.fr\/img\/2.gif\" alt=\"2\u00e8\"><\/td><td>8\u00e8<\/td><td><img decoding=\"async\" src=\"http:\/\/usrogr.fr\/img\/1.gif\" alt=\"1\u00e8\"><\/td><td>20\u00e8<\/td><\/tr><tr><td>Naomie GAUGIRARD<\/td><td>4\u00e8<\/td><td>11\u00e8<\/td><td>5\u00e8<\/td><td>38\u00e8<\/td><\/tr><tr><td>Vinciane REINHARD<\/td><td>25\u00e8<\/td><td>26\u00e8<\/td><td>~<\/td><td>~<\/td><\/tr><tr><td><strong>Juniors<\/strong><\/td><td>D\u00e9partement <a href=\"http:\/\/usrogr.fr\/DL\/res_dep_wissous_13.pdf\" target=\"_blank\" rel=\"noreferrer noopener\">(r\u00e9sultats)<\/a><\/td><td>R\u00e9gion <a href=\"http:\/\/usrogr.fr\/DL\/results_reg_elancourt_13_14.pdf\" target=\"_blank\" rel=\"noreferrer noopener\">(r\u00e9sultats)<\/a><\/td><td>Zone <a href=\"http:\/\/usrogr.fr\/DL\/res_zone_corbeil13.pdf\" target=\"_blank\" rel=\"noreferrer noopener\">(r\u00e9sultats)<\/a><\/td><td>France <a href=\"http:\/\/usrogr.fr\/DL\/belfort_GR_CRITERIUM_JUNIOR.pdf\" target=\"_blank\" rel=\"noreferrer noopener\">(r\u00e9sultats)<\/a><\/td><\/tr><tr><td>Quynh-Anh DANG<\/td><td><img decoding=\"async\" src=\"http:\/\/usrogr.fr\/img\/1.gif\" alt=\"1\u00e8\"><\/td><td>5\u00e8<\/td><td><img decoding=\"async\" src=\"http:\/\/usrogr.fr\/img\/1.gif\" alt=\"1\u00e8\"><\/td><td>21\u00e8<\/td><\/tr><tr><td>Ma\u00efssane SADKI<\/td><td><img decoding=\"async\" src=\"http:\/\/usrogr.fr\/img\/2.gif\" alt=\"2\u00e8\"><\/td><td>19\u00e8<\/td><td>36\u00e8<\/td><td>~<\/td><\/tr><tr><td>Chlo\u00e9 LEMAIRE<\/td><td>8\u00e8<\/td><td>11\u00e8<\/td><td>30\u00e8<\/td><td>~<\/td><\/tr><tr><td><strong>S\u00e9nior<\/strong><\/td><td>D\u00e9partement <a href=\"http:\/\/usrogr.fr\/DL\/res_dep_wissous_13.pdf\" target=\"_blank\" rel=\"noreferrer noopener\">(r\u00e9sultats)<\/a><\/td><td>R\u00e9gion <a href=\"http:\/\/usrogr.fr\/DL\/results_reg_elancourt_13_14.pdf\" target=\"_blank\" rel=\"noreferrer noopener\">(r\u00e9sultats)<\/a><\/td><td>Zone <a href=\"http:\/\/usrogr.fr\/DL\/res_zone_corbeil13.pdf\" target=\"_blank\" rel=\"noreferrer noopener\">(r\u00e9sultats)<\/a><\/td><td>France <a href=\"http:\/\/usrogr.fr\/DL\/belfort_GR_CRITERIUM_SENIOR.pdf\" target=\"_blank\" rel=\"noreferrer noopener\">(r\u00e9sultats)<\/a><\/td><\/tr><tr><td>Alejandra BALTAR<\/td><td><img decoding=\"async\" src=\"http:\/\/usrogr.fr\/img\/1.gif\" alt=\"1\u00e8\"><\/td><td><img decoding=\"async\" src=\"http:\/\/usrogr.fr\/img\/1.gif\" alt=\"1\u00e8\"><\/td><td><img decoding=\"async\" src=\"http:\/\/usrogr.fr\/img\/1.gif\" alt=\"1\u00e8\"><\/td><td>15\u00e8<\/td><\/tr><tr><td>Julie BONHOMME<\/td><td><img decoding=\"async\" src=\"http:\/\/usrogr.fr\/img\/2.gif\" alt=\"2\u00e8\"><\/td><td>35\u00e8<\/td><td>~<\/td><td>~<\/td><\/tr><tr><td>Coralie COURTOIS<\/td><td>5\u00e8<\/td><td>33\u00e8<\/td><td>~<\/td><td>~<\/td><\/tr><\/tbody><\/table><\/figure>\n\n\n\n<p>F\u00e9d\u00e9rale :<br><\/p>\n\n\n\n<figure class=\"wp-block-table is-style-stripes\"><table><tbody><tr><td><strong>S\u00e9nior<\/strong><\/td><td>D\u00e9partement <a href=\"http:\/\/usrogr.fr\/DL\/res_dep_wissous_13.pdf\" target=\"_blank\" rel=\"noreferrer noopener\">(r\u00e9sultats)<\/a><\/td><td>R\u00e9gion <a href=\"http:\/\/usrogr.fr\/DL\/results_reg_elancourt_13_14.pdf\" target=\"_blank\" rel=\"noreferrer noopener\">(r\u00e9sultats)<\/a><\/td><td>Zone <a href=\"http:\/\/usrogr.fr\/DL\/res_zone_corbeil13.pdf\" target=\"_blank\" rel=\"noreferrer noopener\">(r\u00e9sultats)<\/a><\/td><td>France<\/td><\/tr><tr><td>Jennifer BALTAR<\/td><td>14\u00e8<\/td><td>27\u00e8<\/td><td>~<\/td><td>~<\/td><\/tr><\/tbody><\/table><\/figure>\n\n\n\n<p>Nationale B :<br><\/p>\n\n\n\n<figure class=\"wp-block-table is-style-stripes\"><table><tbody><tr><td><strong>S\u00e9nior<\/strong><\/td><td>D\u00e9partement <a href=\"http:\/\/usrogr.fr\/DL\/res_dep_wissous_13.pdf\" target=\"_blank\" rel=\"noreferrer noopener\">(r\u00e9sultats)<\/a><\/td><td>R\u00e9gion <a href=\"http:\/\/usrogr.fr\/DL\/results_reg_elancourt_13_14.pdf\" target=\"_blank\" rel=\"noreferrer noopener\">(r\u00e9sultats)<\/a><\/td><td>Zone <a href=\"http:\/\/usrogr.fr\/DL\/res_zone_corbeil13.pdf\" target=\"_blank\" rel=\"noreferrer noopener\">(r\u00e9sultats)<\/a><\/td><td>France<\/td><\/tr><tr><td>Vanessa BAJART<\/td><td>5\u00e8<\/td><td><img decoding=\"async\" src=\"http:\/\/usrogr.fr\/img\/3.gif\" alt=\"3\u00e8\"><\/td><td>8\u00e8<\/td><td>~<\/td><\/tr><\/tbody><\/table><\/figure>\n","protected":false},"excerpt":{"rendered":"<p>Coupe Formation 3 : F\u00e9licitations \u00e0 Lauryne LE CRESSEVEUR, Sophia MAOUCHE, Tiffany RAKOTOMAHEFASON, Oc\u00e9ane SERTIER, Fatou SOW, La\u00ebtitia VANITOU et Malicia VENCATASAMY qui ont toutes valid\u00e9 leur coupe formation 3 ! Elles ont obtenu le ruban bleu. Ensembles et duos : DF3 : Cadettes\/juniors\/Seniors D\u00e9partement (r\u00e9sultats) R\u00e9gion (r\u00e9sultats) Zone (r\u00e9sultats) Clara CHADAL et Vinciane REINHARD [&hellip;]<\/p>\n","protected":false},"author":1,"featured_media":0,"parent":0,"menu_order":0,"comment_status":"closed","ping_status":"closed","template":"","meta":{"footnotes":""},"class_list":["post-30839","page","type-page","status-publish","hentry"],"_links":{"self":[{"href":"https:\/\/usrogr.fr\/site\/wp-json\/wp\/v2\/pages\/30839","targetHints":{"allow":["GET"]}}],"collection":[{"href":"https:\/\/usrogr.fr\/site\/wp-json\/wp\/v2\/pages"}],"about":[{"href":"https:\/\/usrogr.fr\/site\/wp-json\/wp\/v2\/types\/page"}],"author":[{"embeddable":true,"href":"https:\/\/usrogr.fr\/site\/wp-json\/wp\/v2\/users\/1"}],"replies":[{"embeddable":true,"href":"https:\/\/usrogr.fr\/site\/wp-json\/wp\/v2\/comments?post=30839"}],"version-history":[{"count":1,"href":"https:\/\/usrogr.fr\/site\/wp-json\/wp\/v2\/pages\/30839\/revisions"}],"predecessor-version":[{"id":30840,"href":"https:\/\/usrogr.fr\/site\/wp-json\/wp\/v2\/pages\/30839\/revisions\/30840"}],"wp:attachment":[{"href":"https:\/\/usrogr.fr\/site\/wp-json\/wp\/v2\/media?parent=30839"}],"curies":[{"name":"wp","href":"https:\/\/api.w.org\/{rel}","templated":true}]}}