{"id":30837,"date":"2021-07-08T11:41:34","date_gmt":"2021-07-08T09:41:34","guid":{"rendered":"http:\/\/usrogr.fr\/site\/?page_id=30837"},"modified":"2021-07-08T11:41:34","modified_gmt":"2021-07-08T09:41:34","slug":"resultats-2014-2015","status":"publish","type":"page","link":"https:\/\/usrogr.fr\/site\/resultats-2014-2015\/","title":{"rendered":"R\u00e9sultats 2014\/2015"},"content":{"rendered":"\n<p class=\"has-large-font-size\">Ensembles Divisions Inter-R\u00e9gionales et Divisions Crit\u00e9rium :<\/p>\n\n\n\n<p>DIR2 :<br><\/p>\n\n\n\n<figure class=\"wp-block-table is-style-stripes\"><table><tbody><tr><td><strong>Benjamines\/minimes<\/strong><\/td><td>D\u00e9partement <a href=\"http:\/\/usrogr.fr\/DL\/maisse15_dir2_bm.pdf\" target=\"_blank\" rel=\"noreferrer noopener\">(r\u00e9sultats)<\/a><\/td><td>R\u00e9gion <a href=\"http:\/\/usrogr.fr\/DL\/res_reg_DC_2015.pdf\" target=\"_blank\" rel=\"noreferrer noopener\">(r\u00e9sultats)<\/a><\/td><td>Zone <a href=\"http:\/\/usrogr.fr\/DL\/res_zone_DIR_2015.pdf\" target=\"_blank\" rel=\"noreferrer noopener\">(r\u00e9sultats)<\/a><\/td><\/tr><tr><td>Manon ARAUJO et Kessy ARTAXE<\/td><td><img decoding=\"async\" src=\"http:\/\/usrogr.fr\/img\/2.gif\" alt=\"2\u00e8\"><\/td><td>10\u00e8<\/td><td>4\u00e8<\/td><\/tr><\/tbody><\/table><\/figure>\n\n\n\n<p>DIR3 :<br><br><\/p>\n\n\n\n<figure class=\"wp-block-table is-style-stripes\"><table><tbody><tr><td><strong>Benjamines<\/strong><\/td><td>D\u00e9partement <a href=\"http:\/\/usrogr.fr\/DL\/maisse15_dir3_b.pdf\" target=\"_blank\" rel=\"noreferrer noopener\">(r\u00e9sultats)<\/a><\/td><td>R\u00e9gion <a href=\"http:\/\/usrogr.fr\/DL\/res_reg_DC_2015.pdf\" target=\"_blank\" rel=\"noreferrer noopener\">(r\u00e9sultats)<\/a><\/td><td>Zone <a href=\"http:\/\/usrogr.fr\/DL\/res_zone_DIR_2015.pdf\" target=\"_blank\" rel=\"noreferrer noopener\">(r\u00e9sultats)<\/a><\/td><\/tr><tr><td>Rayana AOUADI, Margot BANSARD, Morgane GUILJEAN, Layana NACIRI et Gwennaelle TRUONG<\/td><td><img decoding=\"async\" src=\"http:\/\/usrogr.fr\/img\/3.gif\" alt=\"3\u00e8\"><\/td><td>11\u00e8<\/td><td><img decoding=\"async\" src=\"http:\/\/usrogr.fr\/img\/1.gif\" alt=\"1\u00e8\"><\/td><\/tr><\/tbody><\/table><\/figure>\n\n\n\n<p>DC4 :<br><\/p>\n\n\n\n<figure class=\"wp-block-table is-style-stripes\"><table><tbody><tr><td><strong>Benjamines<\/strong><\/td><td>D\u00e9partement <a href=\"http:\/\/usrogr.fr\/DL\/results_morsang_15.pdf\" target=\"_blank\" rel=\"noreferrer noopener\">(r\u00e9sultats)<\/a><\/td><td>R\u00e9gion <a href=\"http:\/\/usrogr.fr\/DL\/res_reg_DC_2015.pdf\" target=\"_blank\" rel=\"noreferrer noopener\">(r\u00e9sultats)<\/a><\/td><td>Zone <a href=\"http:\/\/usrogr.fr\/DL\/palmares_complet_zone_gr_dc___2015___issy.pdf\" target=\"_blank\" rel=\"noreferrer noopener\">(r\u00e9sultats)<\/a><\/td><\/tr><tr><td>Ma\u00e9 CHEVALIER, Oc\u00e9ane SERTIER et Fatou SOW<\/td><td><img decoding=\"async\" src=\"http:\/\/usrogr.fr\/img\/3.gif\" alt=\"3\u00e8\"><\/td><td>5\u00e8<\/td><td>8\u00e8<\/td><\/tr><tr><td><strong>Minimes<\/strong><\/td><td>D\u00e9partement <a href=\"http:\/\/usrogr.fr\/DL\/results_morsang_15.pdf\" target=\"_blank\" rel=\"noreferrer noopener\">(r\u00e9sultats)<\/a><\/td><td>R\u00e9gion <a href=\"http:\/\/usrogr.fr\/DL\/res_reg_DC_2015.pdf\" target=\"_blank\" rel=\"noreferrer noopener\">(r\u00e9sultats)<\/a><\/td><td>Zone <a href=\"http:\/\/usrogr.fr\/DL\/palmares_complet_zone_gr_dc___2015___issy.pdf\" target=\"_blank\" rel=\"noreferrer noopener\">(r\u00e9sultats)<\/a><\/td><\/tr><tr><td>Dolor\u00e8s DE CORDIER, Assia DJELLALI, Shania LOUISA et Malicia VENCATASAMY<\/td><td><img decoding=\"async\" src=\"http:\/\/usrogr.fr\/img\/2.gif\" alt=\"2\u00e8\"><\/td><td><img decoding=\"async\" src=\"http:\/\/usrogr.fr\/img\/2.gif\" alt=\"2\u00e8\"><\/td><td><img decoding=\"async\" src=\"http:\/\/usrogr.fr\/img\/2.gif\" alt=\"2\u00e8\"><\/td><\/tr><tr><td><strong>Cad\/Jun\/Sen<\/strong><\/td><td>D\u00e9partement <a href=\"http:\/\/usrogr.fr\/DL\/results_morsang_15.pdf\" target=\"_blank\" rel=\"noreferrer noopener\">(r\u00e9sultats)<\/a><\/td><td>R\u00e9gion <a href=\"http:\/\/usrogr.fr\/DL\/res_reg_DC_2015.pdf\" target=\"_blank\" rel=\"noreferrer noopener\">(r\u00e9sultats)<\/a><\/td><td>Zone <a href=\"http:\/\/usrogr.fr\/DL\/palmares_complet_zone_gr_dc___2015___issy.pdf\" target=\"_blank\" rel=\"noreferrer noopener\">(r\u00e9sultats)<\/a><\/td><\/tr><tr><td>Victoria BOUZEMAM, El\u00e9a CHEVALIER, Christelle ONESTAS et Alicia TSIMBA<\/td><td><img decoding=\"async\" src=\"http:\/\/usrogr.fr\/img\/3.gif\" alt=\"3\u00e8\"><\/td><td>5\u00e8<\/td><td>12\u00e8<\/td><\/tr><\/tbody><\/table><\/figure>\n\n\n\n<p>DC2 :<br><\/p>\n\n\n\n<figure class=\"wp-block-table is-style-stripes\"><table><tbody><tr><td><strong>Minimes<\/strong><\/td><td>D\u00e9partement <a href=\"http:\/\/usrogr.fr\/DL\/maisse15_dc2_m.pdf\" target=\"_blank\" rel=\"noreferrer noopener\">(r\u00e9sultats)<\/a><\/td><td>R\u00e9gion <a href=\"http:\/\/usrogr.fr\/DL\/res_reg_DC_2015.pdf\" target=\"_blank\" rel=\"noreferrer noopener\">(r\u00e9sultats)<\/a><\/td><td>Zone <a href=\"http:\/\/usrogr.fr\/DL\/palmares_complet_zone_gr_dc___2015___issy.pdf\" target=\"_blank\" rel=\"noreferrer noopener\">(r\u00e9sultats)<\/a><\/td><td>France<\/td><\/tr><tr><td>Oc\u00e9ane HOTCA, Rebecca PETITEAU Ludine POULHAZAN et Lucia REBELO<\/td><td>6\u00e8<\/td><td>13\u00e8<\/td><td>24\u00e8<\/td><td>~<\/td><\/tr><tr><td><strong>Juniors<\/strong><\/td><td>D\u00e9partement <a href=\"http:\/\/usrogr.fr\/DL\/maisse15_dc2_j.pdf\" target=\"_blank\" rel=\"noreferrer noopener\">(r\u00e9sultats)<\/a><\/td><td>R\u00e9gion <a href=\"http:\/\/usrogr.fr\/DL\/res_reg_DC_2015.pdf\" target=\"_blank\" rel=\"noreferrer noopener\">(r\u00e9sultats)<\/a><\/td><td>Zone <a href=\"http:\/\/usrogr.fr\/DL\/palmares_complet_zone_gr_dc___2015___issy.pdf\" target=\"_blank\" rel=\"noreferrer noopener\">(r\u00e9sultats)<\/a><\/td><td>France<\/td><\/tr><tr><td>Camille ARAUJO, Jahna ARTAXE, In\u00e8s RABETAFIKA, Amandine RAOULT et Christelle RESTOUX<\/td><td><img decoding=\"async\" src=\"http:\/\/usrogr.fr\/img\/3.gif\" alt=\"3\u00e8\"><\/td><td><img decoding=\"async\" src=\"http:\/\/usrogr.fr\/img\/2.gif\" alt=\"2\u00e8\"><\/td><td>15\u00e8<\/td><td>~<\/td><\/tr><\/tbody><\/table><\/figure>\n\n\n\n<p>DC1 :<br><\/p>\n\n\n\n<figure class=\"wp-block-table is-style-stripes\"><table><tbody><tr><td><strong>Cadettes<\/strong><\/td><td>D\u00e9partement <a href=\"http:\/\/usrogr.fr\/DL\/maisse15_dc1_c.pdf\" target=\"_blank\" rel=\"noreferrer noopener\">(r\u00e9sultats)<\/a><\/td><td>R\u00e9gion <a href=\"http:\/\/usrogr.fr\/DL\/res_reg_DC_2015.pdf\" target=\"_blank\" rel=\"noreferrer noopener\">(r\u00e9sultats)<\/a><\/td><td>Zone <a href=\"http:\/\/usrogr.fr\/DL\/palmares_complet_zone_gr_dc___2015___issy.pdf\" target=\"_blank\" rel=\"noreferrer noopener\">(r\u00e9sultats)<\/a><\/td><td>France<\/td><\/tr><tr><td>Julia BOUDRANE, Olivia COIMBRA, Lena GASPAR et M\u00e9lisandre HADZIC<\/td><td>5\u00e8<\/td><td>5\u00e8<\/td><td>15\u00e8<\/td><td>~<\/td><\/tr><tr><td><strong>Juniors<\/strong><\/td><td>D\u00e9partement <a href=\"http:\/\/usrogr.fr\/DL\/maisse15_dc1_j.pdf\" target=\"_blank\" rel=\"noreferrer noopener\">(r\u00e9sultats)<\/a><\/td><td>R\u00e9gion <a href=\"http:\/\/usrogr.fr\/DL\/res_reg_DC_2015.pdf\" target=\"_blank\" rel=\"noreferrer noopener\">(r\u00e9sultats)<\/a><\/td><td>Zone <a href=\"http:\/\/usrogr.fr\/DL\/palmares_complet_zone_gr_dc___2015___issy.pdf\" target=\"_blank\" rel=\"noreferrer noopener\">(r\u00e9sultats)<\/a><\/td><td>France<\/td><\/tr><tr><td>Orlane ARDON, Quynh-Anh DANG, Naomie GAUGIRARD et Ma\u00efssane SADKI<\/td><td>5\u00e8<\/td><td>5\u00e8<\/td><td>8\u00e8<\/td><td>~<\/td><\/tr><\/tbody><\/table><\/figure>\n\n\n\n<p><\/p>\n\n\n\n<p class=\"has-large-font-size\">Ensembles Divisions F\u00e9d\u00e9rales :<\/p>\n\n\n\n<p>DF3 :<br><\/p>\n\n\n\n<figure class=\"wp-block-table is-style-stripes\"><table><tbody><tr><td><strong>Cadettes\/Junior\/Senior<\/strong><\/td><td>D\u00e9partement <a href=\"http:\/\/usrogr.fr\/DL\/maisse15_df3_cjs.pdf\" target=\"_blank\" rel=\"noreferrer noopener\">(r\u00e9sultats)<\/a><\/td><td>R\u00e9gion <a href=\"http:\/\/usrogr.fr\/DL\/palmares_complet___region_precrit_df_ifo_2015.pdf\" target=\"_blank\" rel=\"noreferrer noopener\">(r\u00e9sultats)<\/a><\/td><td>Zone <a href=\"http:\/\/usrogr.fr\/DL\/palmares_chpt_zone_df_dn___idf_2015.pdf\" target=\"_blank\" rel=\"noreferrer noopener\">(r\u00e9sultats)<\/a><\/td><\/tr><tr><td>Clara CHADAL et Vincianne REINHARD<\/td><td><img decoding=\"async\" src=\"http:\/\/usrogr.fr\/img\/2.gif\" alt=\"2\u00e8\"><\/td><td>6\u00e8<\/td><td>8\u00e8<\/td><\/tr><\/tbody><\/table><\/figure>\n\n\n\n<p>DF2 :<br><\/p>\n\n\n\n<figure class=\"wp-block-table is-style-stripes\"><table><tbody><tr><td><strong>Cadettes\/Junior\/Senior<\/strong><\/td><td>D\u00e9partement <a href=\"http:\/\/usrogr.fr\/DL\/maisse15_df2_cjs.pdf\" target=\"_blank\" rel=\"noreferrer noopener\">(r\u00e9sultats)<\/a><\/td><td>R\u00e9gion<\/td><td>Zone <a href=\"http:\/\/usrogr.fr\/DL\/palmares_chpt_zone_df_dn___idf_2015.pdf\" target=\"_blank\" rel=\"noreferrer noopener\">(r\u00e9sultats)<\/a><\/td><td>France<\/td><\/tr><tr><td>Alejandra et Jennifer BALTAR<\/td><td>5\u00e8<\/td><td>forfait<\/td><td>14\u00e8<\/td><td>~<\/td><\/tr><\/tbody><\/table><\/figure>\n\n\n\n<p><\/p>\n\n\n\n<p class=\"has-large-font-size\">Individuelles Pr\u00e9-Crit\u00e9rium :<\/p>\n\n\n\n<figure class=\"wp-block-table is-style-stripes\"><table><tbody><tr><td><strong>Benjamines<\/strong><\/td><td>D\u00e9partement <a href=\"http:\/\/usrogr.fr\/DL\/results_morsang_15.pdf\" target=\"_blank\" rel=\"noreferrer noopener\">(r\u00e9sultats)<\/a><\/td><td>R\u00e9gion <a href=\"http:\/\/usrogr.fr\/DL\/palmares_complet___region_precrit_df_ifo_2015.pdf\" target=\"_blank\" rel=\"noreferrer noopener\">(r\u00e9sultats)<\/a><\/td><\/tr><tr><td>Morgane GUILJEAN<\/td><td>11\u00e8<\/td><td>13\u00e8<\/td><\/tr><tr><td><strong>Minimes<\/strong><\/td><td>D\u00e9partement <a href=\"http:\/\/usrogr.fr\/DL\/results_morsang_15.pdf\" target=\"_blank\" rel=\"noreferrer noopener\">(r\u00e9sultats)<\/a><\/td><td>R\u00e9gion <a href=\"http:\/\/usrogr.fr\/DL\/palmares_complet___region_precrit_df_ifo_2015.pdf\" target=\"_blank\" rel=\"noreferrer noopener\">(r\u00e9sultats)<\/a><\/td><\/tr><tr><td>Manon ARAUJO<\/td><td>10\u00e8<\/td><td>11\u00e8<\/td><\/tr><tr><td>Kessy ARTAXE<\/td><td><img decoding=\"async\" src=\"http:\/\/usrogr.fr\/img\/1.gif\" alt=\"1\u00e8\"><\/td><td><img decoding=\"async\" src=\"http:\/\/usrogr.fr\/img\/2.gif\" alt=\"2\u00e8\"><\/td><\/tr><tr><td>Oc\u00e9ane HOTCA<\/td><td><img decoding=\"async\" src=\"http:\/\/usrogr.fr\/img\/2.gif\" alt=\"2\u00e8\"><\/td><td>6\u00e8<\/td><\/tr><tr><td>Rebecca PETITEAU<\/td><td>5\u00e8<\/td><td>9\u00e8<\/td><\/tr><tr><td>Ludine POULHAZAN<\/td><td>4\u00e8<\/td><td>23\u00e8<\/td><\/tr><tr><td>Lucia REBELO<\/td><td>11\u00e8<\/td><td>17\u00e8<\/td><\/tr><tr><td><strong>Cadettes<\/strong><\/td><td>D\u00e9partement <a href=\"http:\/\/usrogr.fr\/DL\/results_morsang_15.pdf\" target=\"_blank\" rel=\"noreferrer noopener\">(r\u00e9sultats)<\/a><\/td><td>R\u00e9gion <a href=\"http:\/\/usrogr.fr\/DL\/palmares_complet___region_precrit_df_ifo_2015.pdf\" target=\"_blank\" rel=\"noreferrer noopener\">(r\u00e9sultats)<\/a><\/td><\/tr><tr><td>Camille ARAUJO<\/td><td><img decoding=\"async\" src=\"http:\/\/usrogr.fr\/img\/2.gif\" alt=\"2\u00e8\"><\/td><td><img decoding=\"async\" src=\"http:\/\/usrogr.fr\/img\/2.gif\" alt=\"2\u00e8\"><\/td><\/tr><tr><td>Jahna ARTAXE<\/td><td>6\u00e8<\/td><td>9\u00e8<\/td><\/tr><tr><td>Amandine RAOULT<\/td><td><img decoding=\"async\" src=\"http:\/\/usrogr.fr\/img\/1.gif\" alt=\"1\u00e8\"><\/td><td><img decoding=\"async\" src=\"http:\/\/usrogr.fr\/img\/1.gif\" alt=\"1\u00e8\"><\/td><\/tr><\/tbody><\/table><\/figure>\n\n\n\n<p><\/p>\n\n\n\n<p class=\"has-large-font-size\">Individuelles Crit\u00e9rium \/ Pr\u00e9-f\u00e9d\u00e9rales \/ F\u00e9d\u00e9rales \/ Nationales B :<\/p>\n\n\n\n<p>Crit\u00e9rium :<br><\/p>\n\n\n\n<figure class=\"wp-block-table is-style-stripes\"><table><tbody><tr><td><strong>Cadettes<\/strong><\/td><td>D\u00e9partement <a href=\"http:\/\/usrogr.fr\/DL\/results_ind_2014-2015.pdf\" target=\"_blank\" rel=\"noreferrer noopener\">(r\u00e9sultats)<\/a><\/td><td>R\u00e9gion <a href=\"http:\/\/usrogr.fr\/DL\/res_reg_ind_14.pdf\" target=\"_blank\" rel=\"noreferrer noopener\">(r\u00e9sultats)<\/a><\/td><td>Zone <a href=\"http:\/\/usrogr.fr\/DL\/res_zone_ind_14_elancourt.pdf\" target=\"_blank\" rel=\"noreferrer noopener\">(r\u00e9sultats)<\/a><\/td><td>France <a href=\"http:\/\/usrogr.fr\/DL\/pfastatt_2015_GR_CRITERIUM_CADETTE.PDF\" target=\"_blank\" rel=\"noreferrer noopener\">(r\u00e9sultats)<\/a><\/td><\/tr><tr><td>Julia BOUDRANE<\/td><td>8\u00e8<\/td><td><img decoding=\"async\" src=\"http:\/\/usrogr.fr\/img\/2.gif\" alt=\"2\u00e8\"><\/td><td><img decoding=\"async\" src=\"http:\/\/usrogr.fr\/img\/1.gif\" alt=\"1\u00e8\"><\/td><td>23\u00e8<\/td><\/tr><tr><td>Clara CHADAL<\/td><td>14\u00e8<\/td><td>22\u00e8<\/td><td>~<\/td><td>~<\/td><\/tr><tr><td>Olivia COIMBRA<\/td><td>15\u00e8<\/td><td>9\u00e8<\/td><td>22\u00e8<\/td><td>~<\/td><\/tr><tr><td>Lena GASPAR<\/td><td>17\u00e8<\/td><td>26\u00e8<\/td><td>~<\/td><td>~<\/td><\/tr><tr><td>M\u00e9lisandre HADZIC<\/td><td>15\u00e8<\/td><td>27\u00e8<\/td><td>~<\/td><td>~<\/td><\/tr><tr><td>Vinciane REINHARD<\/td><td>16\u00e8<\/td><td>8\u00e8<\/td><td>31\u00e8<\/td><td>~<\/td><\/tr><tr><td><strong>Juniors<\/strong><\/td><td>D\u00e9partement <a href=\"http:\/\/usrogr.fr\/DL\/results_ind_2014-2015.pdf\" target=\"_blank\" rel=\"noreferrer noopener\">(r\u00e9sultats)<\/a><\/td><td>R\u00e9gion <a href=\"http:\/\/usrogr.fr\/DL\/res_reg_ind_14.pdf\" target=\"_blank\" rel=\"noreferrer noopener\">(r\u00e9sultats)<\/a><\/td><td>Zone <a href=\"http:\/\/usrogr.fr\/DL\/res_zone_ind_14_elancourt.pdf\" target=\"_blank\" rel=\"noreferrer noopener\">(r\u00e9sultats)<\/a><\/td><td>France <a href=\"http:\/\/usrogr.fr\/DL\/pfastatt_2015_GR_CRITERIUM_JUNIOR.PDF\" target=\"_blank\" rel=\"noreferrer noopener\">(r\u00e9sultats)<\/a><\/td><\/tr><tr><td>Orlane ARDON<\/td><td><img decoding=\"async\" src=\"http:\/\/usrogr.fr\/img\/3.gif\" alt=\"3\u00e8\"><\/td><td>4\u00e8<\/td><td><img decoding=\"async\" src=\"http:\/\/usrogr.fr\/img\/2.gif\" alt=\"2\u00e8\"><\/td><td>34\u00e8<\/td><\/tr><tr><td>Quynh-Anh DANG<\/td><td>5\u00e8<\/td><td><img decoding=\"async\" src=\"http:\/\/usrogr.fr\/img\/1.gif\" alt=\"1\u00e8\"><\/td><td>6\u00e8<\/td><td>22\u00e8<\/td><\/tr><tr><td>Naomie GAUGIRARD<\/td><td>18\u00e8<\/td><td>12\u00e8<\/td><td>Forfait<\/td><td>~<\/td><\/tr><tr><td>Ma\u00efssane SADKI<\/td><td>13\u00e8<\/td><td>6\u00e8<\/td><td>9\u00e8<\/td><td>~<\/td><\/tr><\/tbody><\/table><\/figure>\n\n\n\n<p>Nationale B :<br><\/p>\n\n\n\n<figure class=\"wp-block-table is-style-stripes\"><table><tbody><tr><td><strong>S\u00e9nior<\/strong><\/td><td>D\u00e9partement <a href=\"http:\/\/usrogr.fr\/DL\/results_ind_2014-2015.pdf\" target=\"_blank\" rel=\"noreferrer noopener\">(r\u00e9sultats)<\/a><\/td><td>R\u00e9gion <a href=\"http:\/\/usrogr.fr\/DL\/res_reg_ind_14.pdf\" target=\"_blank\" rel=\"noreferrer noopener\">(r\u00e9sultats)<\/a><\/td><td>Zone <a href=\"http:\/\/usrogr.fr\/DL\/res_zone_ind_14_elancourt.pdf\" target=\"_blank\" rel=\"noreferrer noopener\">(r\u00e9sultats)<\/a><\/td><td>France <a href=\"http:\/\/usrogr.fr\/DL\/pfastatt_2015_GR_NATIONALE_B_SENIOR.PDF\" target=\"_blank\" rel=\"noreferrer noopener\">(r\u00e9sultats)<\/a><\/td><\/tr><tr><td>Vanessa BAJART<\/td><td>4\u00e8<\/td><td>7\u00e8<\/td><td>7\u00e8<\/td><td>28\u00e8<\/td><\/tr><\/tbody><\/table><\/figure>\n","protected":false},"excerpt":{"rendered":"<p>Ensembles Divisions Inter-R\u00e9gionales et Divisions Crit\u00e9rium : DIR2 : Benjamines\/minimes D\u00e9partement (r\u00e9sultats) R\u00e9gion (r\u00e9sultats) Zone (r\u00e9sultats) Manon ARAUJO et Kessy ARTAXE 10\u00e8 4\u00e8 DIR3 : Benjamines D\u00e9partement (r\u00e9sultats) R\u00e9gion (r\u00e9sultats) Zone (r\u00e9sultats) Rayana AOUADI, Margot BANSARD, Morgane GUILJEAN, Layana NACIRI et Gwennaelle TRUONG 11\u00e8 DC4 : Benjamines D\u00e9partement (r\u00e9sultats) R\u00e9gion (r\u00e9sultats) Zone (r\u00e9sultats) Ma\u00e9 CHEVALIER, [&hellip;]<\/p>\n","protected":false},"author":1,"featured_media":0,"parent":0,"menu_order":0,"comment_status":"closed","ping_status":"closed","template":"","meta":{"footnotes":""},"class_list":["post-30837","page","type-page","status-publish","hentry"],"_links":{"self":[{"href":"https:\/\/usrogr.fr\/site\/wp-json\/wp\/v2\/pages\/30837","targetHints":{"allow":["GET"]}}],"collection":[{"href":"https:\/\/usrogr.fr\/site\/wp-json\/wp\/v2\/pages"}],"about":[{"href":"https:\/\/usrogr.fr\/site\/wp-json\/wp\/v2\/types\/page"}],"author":[{"embeddable":true,"href":"https:\/\/usrogr.fr\/site\/wp-json\/wp\/v2\/users\/1"}],"replies":[{"embeddable":true,"href":"https:\/\/usrogr.fr\/site\/wp-json\/wp\/v2\/comments?post=30837"}],"version-history":[{"count":1,"href":"https:\/\/usrogr.fr\/site\/wp-json\/wp\/v2\/pages\/30837\/revisions"}],"predecessor-version":[{"id":30838,"href":"https:\/\/usrogr.fr\/site\/wp-json\/wp\/v2\/pages\/30837\/revisions\/30838"}],"wp:attachment":[{"href":"https:\/\/usrogr.fr\/site\/wp-json\/wp\/v2\/media?parent=30837"}],"curies":[{"name":"wp","href":"https:\/\/api.w.org\/{rel}","templated":true}]}}