{"id":30833,"date":"2021-07-08T11:37:08","date_gmt":"2021-07-08T09:37:08","guid":{"rendered":"http:\/\/usrogr.fr\/site\/?page_id=30833"},"modified":"2021-07-08T11:37:08","modified_gmt":"2021-07-08T09:37:08","slug":"resultats-2016-2017","status":"publish","type":"page","link":"https:\/\/usrogr.fr\/site\/resultats-2016-2017\/","title":{"rendered":"R\u00e9sultats 2016-2017"},"content":{"rendered":"\n<p class=\"has-large-font-size\">Coupe Formation 3 :<\/p>\n\n\n\n<p>F\u00e9licitations \u00e0 Maelys GAUTHIER, Manon OTT, Lola BOIJENOUS, Anne-Danielle NGONGO, Thea VILLATEL qui ont valid\u00e9 leur coupe formation 3 le dimanche 2 juin \u00e0 Saulx-les-Chartreux.<\/p>\n\n\n\n<p class=\"has-large-font-size\">Ensembles cat\u00e9gorie Interr\u00e9gionale :<\/p>\n\n\n\n<p>Duo interr\u00e9gional B :<br><\/p>\n\n\n\n<figure class=\"wp-block-table is-style-stripes\"><table><tbody><tr><td><strong>10 ans et +<\/strong><\/td><td>D\u00e9partement <a href=\"http:\/\/usrogr.fr\/DL\/res_dep_ind_R_morsang_2017.pdf\" target=\"_blank\" rel=\"noreferrer noopener\">(r\u00e9sultats)<\/a><\/td><td>R\u00e9gion <a href=\"http:\/\/usrogr.fr\/DL\/res_reg_ens_NAT_corbeil_2017.pdf\" target=\"_blank\" rel=\"noreferrer noopener\">(r\u00e9sultats)<\/a><\/td><td>Zone<\/td><\/tr><tr><td>Oc\u00e9ane HOTCA et Rebecca PETITEAU<\/td><td>4\u00e8mes<\/td><td>10\u00e8mes<\/td><td>forfait<\/td><\/tr><\/tbody><\/table><\/figure>\n\n\n\n<p>Duo interr\u00e9gional C :<br><\/p>\n\n\n\n<figure class=\"wp-block-table is-style-stripes\"><table><tbody><tr><td><strong>10 ans et +<\/strong><\/td><td>D\u00e9partement <a href=\"http:\/\/usrogr.fr\/DL\/res_dep_ind_R_morsang_2017.pdf\" target=\"_blank\" rel=\"noreferrer noopener\">(r\u00e9sultats)<\/a><\/td><td>R\u00e9gion <a href=\"http:\/\/usrogr.fr\/DL\/res_reg_ens_trop_2017.pdf\" target=\"_blank\" rel=\"noreferrer noopener\">(r\u00e9sultats)<\/a><\/td><td>Zone <a href=\"http:\/\/usrogr.fr\/DL\/res_zone_ens_IR_2017.pdf\" target=\"_blank\" rel=\"noreferrer noopener\">(r\u00e9sultats)<\/a><\/td><\/tr><tr><td>El\u00e9a CHEVALIER et Malicia VENCATASAMY<\/td><td><img decoding=\"async\" src=\"http:\/\/usrogr.fr\/img\/2.gif\" alt=\"2\u00e8\"><\/td><td>8\u00e8<\/td><td>13\u00e8<\/td><\/tr><\/tbody><\/table><\/figure>\n\n\n\n<p>Ensembles interr\u00e9gionaux D :<br><\/p>\n\n\n\n<figure class=\"wp-block-table is-style-stripes\"><table><tbody><tr><td><strong>7-9 ans<\/strong><\/td><td>D\u00e9partement <a href=\"http:\/\/usrogr.fr\/DL\/res_dep_ind_R_morsang_2017.pdf\" target=\"_blank\" rel=\"noreferrer noopener\">(r\u00e9sultats)<\/a><\/td><td>R\u00e9gion <a href=\"http:\/\/usrogr.fr\/DL\/res_reg_ens_trop_2017.pdf\" target=\"_blank\" rel=\"noreferrer noopener\">(r\u00e9sultats)<\/a><\/td><td>Zone <a href=\"http:\/\/usrogr.fr\/DL\/res_zone_ens_IR_2017.pdf\" target=\"_blank\" rel=\"noreferrer noopener\">(r\u00e9sultats)<\/a><\/td><\/tr><tr><td>Jeanne BANSARD, Lya BLEURVACQ, Shemsy LOUKAH et Cl\u00e9lya TARNAUD<\/td><td>4\u00e8mes<\/td><td><img decoding=\"async\" src=\"http:\/\/usrogr.fr\/img\/3.gif\" alt=\"3\u00e8\"><\/td><td>6\u00e8<\/td><\/tr><tr><td><strong>10-13 ans<\/strong><\/td><td>D\u00e9partement <a href=\"http:\/\/usrogr.fr\/DL\/res_dep_ind_R_maisse_2017.pdf\" target=\"_blank\" rel=\"noreferrer noopener\">(r\u00e9sultats)<\/a><\/td><td>R\u00e9gion <a href=\"http:\/\/usrogr.fr\/DL\/res_reg_ens_trop_2017.pdf\" target=\"_blank\" rel=\"noreferrer noopener\">(r\u00e9sultats)<\/a><\/td><td>Zone <a href=\"http:\/\/usrogr.fr\/DL\/res_zone_ens_IR_2017.pdf\" target=\"_blank\" rel=\"noreferrer noopener\">(r\u00e9sultats)<\/a><\/td><\/tr><tr><td>Margot BANSARD, Ma\u00e9 CHEVALIER, Oc\u00e9ane SERTIER et Gwenaelle TRUONG<\/td><td><img decoding=\"async\" src=\"http:\/\/usrogr.fr\/img\/1.gif\" alt=\"1\u00e8\"><\/td><td><img decoding=\"async\" src=\"http:\/\/usrogr.fr\/img\/3.gif\" alt=\"3\u00e8\"><\/td><td>6\u00e8<\/td><\/tr><tr><td><strong>10 ans et +<\/strong><\/td><td>D\u00e9partement <a href=\"http:\/\/usrogr.fr\/DL\/res_dep_ind_R_maisse_2017.pdf\" target=\"_blank\" rel=\"noreferrer noopener\">(r\u00e9sultats)<\/a><\/td><td>R\u00e9gion <a href=\"http:\/\/usrogr.fr\/DL\/res_reg_ens_trop_2017.pdf\" target=\"_blank\" rel=\"noreferrer noopener\">(r\u00e9sultats)<\/a><\/td><td>Zone <a href=\"http:\/\/usrogr.fr\/DL\/res_zone_ens_IR_2017.pdf\" target=\"_blank\" rel=\"noreferrer noopener\">(r\u00e9sultats)<\/a><\/td><\/tr><tr><td>Dolor\u00e8s DECORDIER, Assia DJELLALI, Sophia MAOUCHE et Fatou SOW<\/td><td><img decoding=\"async\" src=\"http:\/\/usrogr.fr\/img\/2.gif\" alt=\"2\u00e8\"><\/td><td>5\u00e8<\/td><td>16\u00e8<\/td><\/tr><\/tbody><\/table><\/figure>\n\n\n\n<p class=\"has-large-font-size\">Ensembles cat\u00e9gorie Nationale :<\/p>\n\n\n\n<p>Nationale Duo :<br><\/p>\n\n\n\n<figure class=\"wp-block-table is-style-stripes\"><table><tbody><tr><td><strong>10 ans et +<\/strong><\/td><td>D\u00e9partement <a href=\"http:\/\/usrogr.fr\/DL\/res_dep_ind_R_maisse_2017.pdf\" target=\"_blank\" rel=\"noreferrer noopener\">(r\u00e9sultats)<\/a><\/td><td>R\u00e9gion <a href=\"http:\/\/usrogr.fr\/DL\/res_reg_ens_NAT_corbeil_2017.pdf\" target=\"_blank\" rel=\"noreferrer noopener\">(r\u00e9sultats)<\/a><\/td><td>Zone <a href=\"http:\/\/usrogr.fr\/DL\/results_zone_ens_NAT.pdf\" target=\"_blank\" rel=\"noreferrer noopener\">(r\u00e9sultats)<\/a><\/td><td>France<\/td><\/tr><tr><td>Julia BOUDRANE et Amandine RAOULT<\/td><td><img decoding=\"async\" src=\"http:\/\/usrogr.fr\/img\/2.gif\" alt=\"2\u00e8\"><\/td><td><img decoding=\"async\" src=\"http:\/\/usrogr.fr\/img\/3.gif\" alt=\"3\u00e8\"><\/td><td>10\u00e8<\/td><td>~<\/td><\/tr><\/tbody><\/table><\/figure>\n\n\n\n<p><\/p>\n\n\n\n<p class=\"has-large-font-size\">Individuelles R\u00e9gionales :<\/p>\n\n\n\n<figure class=\"wp-block-table is-style-stripes\"><table><tbody><tr><td><strong>10ans<\/strong><\/td><td>D\u00e9partement <a href=\"http:\/\/usrogr.fr\/DL\/res_dep_ind_R_morsang_2017.pdf\" target=\"_blank\" rel=\"noreferrer noopener\">(r\u00e9sultats)<\/a><\/td><td>R\u00e9gion <a href=\"http:\/\/usrogr.fr\/DL\/res_reg_ens_NAT_corbeil_2017.pdf\" target=\"_blank\" rel=\"noreferrer noopener\">(r\u00e9sultats)<\/a><\/td><\/tr><tr><td>Orlane BOCAHU<\/td><td>14\u00e8me<\/td><td>22\u00e8me<\/td><\/tr><tr><td>L\u00efya GUIGON<\/td><td>6\u00e8me<\/td><td>9\u00e8me<\/td><\/tr><tr><td>Candice SERTIER<\/td><td>11\u00e8me<\/td><td>17\u00e8me<\/td><\/tr><tr><td><strong>11ans<\/strong><\/td><td>D\u00e9partement <a href=\"http:\/\/usrogr.fr\/DL\/res_dep_ind_R_morsang_2017.pdf\" target=\"_blank\" rel=\"noreferrer noopener\">(r\u00e9sultats)<\/a><\/td><td>R\u00e9gion <a href=\"http:\/\/usrogr.fr\/DL\/res_reg_ens_NAT_corbeil_2017.pdf\" target=\"_blank\" rel=\"noreferrer noopener\">(r\u00e9sultats)<\/a><\/td><\/tr><tr><td>Laur\u00e8ne BARRAJA<\/td><td>10\u00e8me<\/td><td>23\u00e8me<\/td><\/tr><tr><td>Kenza HADJ ALI<\/td><td>4\u00e8me<\/td><td>7\u00e8me<\/td><\/tr><tr><td>Laure WILLIAM MEDI<\/td><td><img decoding=\"async\" src=\"http:\/\/usrogr.fr\/img\/3.gif\" alt=\"3\u00e8\"><\/td><td>21\u00e8me<\/td><\/tr><tr><td><strong>12ans<\/strong><\/td><td>D\u00e9partement <a href=\"http:\/\/usrogr.fr\/DL\/res_dep_ind_R_morsang_2017.pdf\" target=\"_blank\" rel=\"noreferrer noopener\">(r\u00e9sultats)<\/a><\/td><td>R\u00e9gion <a href=\"http:\/\/usrogr.fr\/DL\/res_reg_ens_NAT_corbeil_2017.pdf\" target=\"_blank\" rel=\"noreferrer noopener\">(r\u00e9sultats)<\/a><\/td><\/tr><tr><td>Clara NDIAYE<\/td><td>10\u00e8me<\/td><td>15\u00e8me<\/td><\/tr><tr><td><strong>13ans<\/strong><\/td><td>D\u00e9partement <a href=\"http:\/\/usrogr.fr\/DL\/res_dep_ind_R_morsang_2017.pdf\" target=\"_blank\" rel=\"noreferrer noopener\">(r\u00e9sultats)<\/a><\/td><td>R\u00e9gion <a href=\"http:\/\/usrogr.fr\/DL\/res_reg_ens_NAT_corbeil_2017.pdf\" target=\"_blank\" rel=\"noreferrer noopener\">(r\u00e9sultats)<\/a><\/td><\/tr><tr><td>Margot BANSARD<\/td><td><img decoding=\"async\" src=\"http:\/\/usrogr.fr\/img\/2.gif\" alt=\"2\u00e8\"><\/td><td>5\u00e8me<\/td><\/tr><tr><td>Ma\u00e9 CHEVALIER<\/td><td>11\u00e8me<\/td><td>14\u00e8me<\/td><\/tr><tr><td>Oc\u00e9ane SERTIER<\/td><td><img decoding=\"async\" src=\"http:\/\/usrogr.fr\/img\/1.gif\" alt=\"1\u00e8\"><\/td><td>Forfait<\/td><\/tr><tr><td>Fatou SOW<\/td><td>15\u00e8me<\/td><td>20\u00e8me<\/td><\/tr><tr><td>Gwenaelle TRUONG<\/td><td><img decoding=\"async\" src=\"http:\/\/usrogr.fr\/img\/3.gif\" alt=\"3\u00e8\"><\/td><td>12\u00e8me<\/td><\/tr><tr><td><strong>14ans<\/strong><\/td><td>D\u00e9partement <a href=\"http:\/\/usrogr.fr\/DL\/res_dep_ind_R_morsang_2017.pdf\" target=\"_blank\" rel=\"noreferrer noopener\">(r\u00e9sultats)<\/a><\/td><td>R\u00e9gion <a href=\"http:\/\/usrogr.fr\/DL\/res_reg_ens_NAT_corbeil_2017.pdf\" target=\"_blank\" rel=\"noreferrer noopener\">(r\u00e9sultats)<\/a><\/td><\/tr><tr><td>Dolor\u00e8s DECORDIER<\/td><td>11\u00e8me<\/td><td>18\u00e8me<\/td><\/tr><tr><td>Sophia MAOUCHE<\/td><td>7\u00e8me<\/td><td>5\u00e8me<\/td><\/tr><tr><td>Malicia VENCATASAMY<\/td><td>4\u00e8me<\/td><td>19\u00e8me<\/td><\/tr><tr><td><strong>15ans<\/strong><\/td><td>D\u00e9partement <a href=\"http:\/\/usrogr.fr\/DL\/res_dep_ind_R_morsang_2017.pdf\" target=\"_blank\" rel=\"noreferrer noopener\">(r\u00e9sultats)<\/a><\/td><td>R\u00e9gion <a href=\"http:\/\/usrogr.fr\/DL\/res_reg_ens_NAT_corbeil_2017.pdf\" target=\"_blank\" rel=\"noreferrer noopener\">(r\u00e9sultats)<\/a><\/td><\/tr><tr><td>El\u00e9a CHEVALIER<\/td><td>4\u00e8me<\/td><td>13\u00e8me<\/td><\/tr><tr><td>Assia DJELLALI<\/td><td>6\u00e8me<\/td><td>17\u00e8me<\/td><\/tr><\/tbody><\/table><\/figure>\n\n\n\n<p><\/p>\n\n\n\n<p class=\"has-large-font-size\">Individuelles Nationales :<\/p>\n\n\n\n<p>National C :<br><br><\/p>\n\n\n\n<figure class=\"wp-block-table is-style-stripes\"><table><tbody><tr><td><strong>14-15 ans<\/strong><\/td><td>D\u00e9partement <a href=\"http:\/\/usrogr.fr\/DL\/res_dep_ind_2016.pdf\" target=\"_blank\" rel=\"noreferrer noopener\">(r\u00e9sultats)<\/a><\/td><td>R\u00e9gion <a href=\"http:\/\/usrogr.fr\/DL\/res_reg_indiv_2016.pdf\" target=\"_blank\" rel=\"noreferrer noopener\">(r\u00e9sultats)<\/a><\/td><td>Zone <a href=\"http:\/\/usrogr.fr\/DL\/results_zone_indiv_2016.pdf\" target=\"_blank\" rel=\"noreferrer noopener\">(r\u00e9sultats)<\/a><\/td><td>France<\/td><\/tr><tr><td>Oc\u00e9ane HOTCA<\/td><td>12\u00e8<\/td><td>24\u00e8<\/td><td>~<\/td><td>~<\/td><\/tr><tr><td>Rebecca PETITEAU<\/td><td>11\u00e8<\/td><td>18\u00e8<\/td><td>37\u00e8<\/td><td>~<\/td><\/tr><\/tbody><\/table><\/figure>\n\n\n\n<figure class=\"wp-block-table is-style-stripes\"><table><tbody><tr><td><strong>16 ans et +<\/strong><\/td><td>D\u00e9partement <a href=\"http:\/\/usrogr.fr\/DL\/res_dep_ind_2016.pdf\" target=\"_blank\" rel=\"noreferrer noopener\">(r\u00e9sultats)<\/a><\/td><td>R\u00e9gion <a href=\"http:\/\/usrogr.fr\/DL\/res_reg_indiv_2016.pdf\" target=\"_blank\" rel=\"noreferrer noopener\">(r\u00e9sultats)<\/a><\/td><td>Zone <a href=\"http:\/\/usrogr.fr\/DL\/results_zone_indiv_2016.pdf\" target=\"_blank\" rel=\"noreferrer noopener\">(r\u00e9sultats)<\/a><\/td><td>France<\/td><\/tr><tr><td>Orlane ARDON<\/td><td>17\u00e8<\/td><td>4\u00e8<\/td><td>9\u00e8<\/td><td>~<\/td><\/tr><tr><td>Julia BOUDRANE<\/td><td>28\u00e8<\/td><td>37\u00e8<\/td><td>~<\/td><td>~<\/td><\/tr><tr><td>Olivia COIMBRA<\/td><td>10\u00e8<\/td><td>13\u00e8<\/td><td>29\u00e8<\/td><td>~<\/td><\/tr><tr><td>Lena GASPAR<\/td><td>18\u00e8<\/td><td>29\u00e8<\/td><td>~<\/td><td>~<\/td><\/tr><tr><td>Laura LE HECHO<\/td><td>21\u00e8<\/td><td>26\u00e8<\/td><td>29\u00e8<\/td><td>~<\/td><\/tr><tr><td>Amandine RAOULT<\/td><td>21\u00e8<\/td><td>46\u00e8<\/td><td>~<\/td><td>~<\/td><\/tr><\/tbody><\/table><\/figure>\n","protected":false},"excerpt":{"rendered":"<p>Coupe Formation 3 : F\u00e9licitations \u00e0 Maelys GAUTHIER, Manon OTT, Lola BOIJENOUS, Anne-Danielle NGONGO, Thea VILLATEL qui ont valid\u00e9 leur coupe formation 3 le dimanche 2 juin \u00e0 Saulx-les-Chartreux. Ensembles cat\u00e9gorie Interr\u00e9gionale : Duo interr\u00e9gional B : 10 ans et + D\u00e9partement (r\u00e9sultats) R\u00e9gion (r\u00e9sultats) Zone Oc\u00e9ane HOTCA et Rebecca PETITEAU 4\u00e8mes 10\u00e8mes forfait Duo [&hellip;]<\/p>\n","protected":false},"author":1,"featured_media":0,"parent":0,"menu_order":0,"comment_status":"closed","ping_status":"closed","template":"","meta":{"footnotes":""},"class_list":["post-30833","page","type-page","status-publish","hentry"],"_links":{"self":[{"href":"https:\/\/usrogr.fr\/site\/wp-json\/wp\/v2\/pages\/30833","targetHints":{"allow":["GET"]}}],"collection":[{"href":"https:\/\/usrogr.fr\/site\/wp-json\/wp\/v2\/pages"}],"about":[{"href":"https:\/\/usrogr.fr\/site\/wp-json\/wp\/v2\/types\/page"}],"author":[{"embeddable":true,"href":"https:\/\/usrogr.fr\/site\/wp-json\/wp\/v2\/users\/1"}],"replies":[{"embeddable":true,"href":"https:\/\/usrogr.fr\/site\/wp-json\/wp\/v2\/comments?post=30833"}],"version-history":[{"count":1,"href":"https:\/\/usrogr.fr\/site\/wp-json\/wp\/v2\/pages\/30833\/revisions"}],"predecessor-version":[{"id":30834,"href":"https:\/\/usrogr.fr\/site\/wp-json\/wp\/v2\/pages\/30833\/revisions\/30834"}],"wp:attachment":[{"href":"https:\/\/usrogr.fr\/site\/wp-json\/wp\/v2\/media?parent=30833"}],"curies":[{"name":"wp","href":"https:\/\/api.w.org\/{rel}","templated":true}]}}