{"id":182,"date":"2021-06-19T14:46:37","date_gmt":"2021-06-19T12:46:37","guid":{"rendered":"http:\/\/usrogr.fr\/site\/?page_id=182"},"modified":"2026-02-07T14:11:16","modified_gmt":"2026-02-07T13:11:16","slug":"documents","status":"publish","type":"page","link":"https:\/\/usrogr.fr\/site\/documents\/","title":{"rendered":"Documents"},"content":{"rendered":"\n<p class=\"has-large-font-size\">Informations pour la rentr\u00e9e 2025-2026 :<\/p>\n\n\n\n<ul class=\"wp-block-list has-black-color has-text-color\">\n<li class=\"has-medium-font-size\"><a href=\"http:\/\/usrogr.fr\/site\/DL\/2025-2026\/2025-2026_infos_pratiques.pdf\" data-type=\"link\" data-id=\"usrogr.fr\/site\/DL\/2025-2026\/2025-2026_infos_pratiques.pdf\">Infos pratiques<\/a><\/li>\n\n\n\n<li class=\"has-medium-font-size\"><a href=\"https:\/\/usrogr.fr\/site\/DL\/2025-2026\/Reglement_interieur 2025-2026.pdf\">R\u00e8glement int\u00e9rieur<\/a><\/li>\n\n\n\n<li class=\"has-medium-font-size\"><a href=\"https:\/\/usrogr.fr\/site\/DL\/2025-2026\/questionnaire de sante.pdf\">Questionnaire de sant\u00e9 FFG<\/a><\/li>\n\n\n\n<li class=\"has-medium-font-size\"><a href=\"https:\/\/usrogr.fr\/site\/DL\/2025-2026\/Tableau-r\u00e9capitulatifs-certificat-m\u00e9dical-2025-2026.pdf\">Tableau r\u00e9capitulatif questionnaire de sant\u00e9\/certificat m\u00e9dical<\/a><\/li>\n<\/ul>\n\n\n\n<p class=\"has-large-font-size\">Sites officiels : <\/p>\n\n\n\n<ul class=\"wp-block-list\">\n<li><a rel=\"noreferrer noopener\" href=\"http:\/\/www.cdgym91.com\/\" target=\"_blank\">Comit\u00e9 D\u00e9partemental de Gymnastique de l&rsquo;Essonne (CDGE)<\/a><\/li>\n\n\n\n<li><a rel=\"noreferrer noopener\" href=\"https:\/\/www.crif-ffgym.com\/\" target=\"_blank\">Comit\u00e9 R\u00e9gional Ile de France (CRIF)<\/a><\/li>\n\n\n\n<li><a rel=\"noreferrer noopener\" href=\"https:\/\/www.ffgym.fr\/\" target=\"_blank\">F\u00e9d\u00e9ration Fran\u00e7aise de Gymnastique (FFGym)<\/a><\/li>\n\n\n\n<li><a rel=\"noreferrer noopener\" href=\"https:\/\/www.gymnastics.sport\/site\/\" target=\"_blank\">F\u00e9d\u00e9ration Internationale de Gymnastique (FIG)<\/a><\/li>\n\n\n\n<li><a href=\"https:\/\/www.usro.fr\/\" target=\"_blank\" rel=\"noreferrer noopener\">USRO Omnisports<\/a><\/li>\n\n\n\n<li><a href=\"https:\/\/www.ville-ris-orangis.fr\/\" target=\"_blank\" rel=\"noreferrer noopener\">Ville de Ris-Orangis<\/a><\/li>\n<\/ul>\n\n\n\n<p><\/p>\n","protected":false},"excerpt":{"rendered":"<p>Informations pour la rentr\u00e9e 2025-2026 : Sites officiels :<\/p>\n","protected":false},"author":1,"featured_media":0,"parent":0,"menu_order":0,"comment_status":"closed","ping_status":"closed","template":"","meta":{"footnotes":""},"class_list":["post-182","page","type-page","status-publish","hentry"],"_links":{"self":[{"href":"https:\/\/usrogr.fr\/site\/wp-json\/wp\/v2\/pages\/182","targetHints":{"allow":["GET"]}}],"collection":[{"href":"https:\/\/usrogr.fr\/site\/wp-json\/wp\/v2\/pages"}],"about":[{"href":"https:\/\/usrogr.fr\/site\/wp-json\/wp\/v2\/types\/page"}],"author":[{"embeddable":true,"href":"https:\/\/usrogr.fr\/site\/wp-json\/wp\/v2\/users\/1"}],"replies":[{"embeddable":true,"href":"https:\/\/usrogr.fr\/site\/wp-json\/wp\/v2\/comments?post=182"}],"version-history":[{"count":26,"href":"https:\/\/usrogr.fr\/site\/wp-json\/wp\/v2\/pages\/182\/revisions"}],"predecessor-version":[{"id":32988,"href":"https:\/\/usrogr.fr\/site\/wp-json\/wp\/v2\/pages\/182\/revisions\/32988"}],"wp:attachment":[{"href":"https:\/\/usrogr.fr\/site\/wp-json\/wp\/v2\/media?parent=182"}],"curies":[{"name":"wp","href":"https:\/\/api.w.org\/{rel}","templated":true}]}}