{"id":179,"date":"2021-06-19T14:46:37","date_gmt":"2021-06-19T12:46:37","guid":{"rendered":"http:\/\/usrogr.fr\/site\/?page_id=179"},"modified":"2025-08-16T13:55:18","modified_gmt":"2025-08-16T11:55:18","slug":"le-club","status":"publish","type":"page","link":"https:\/\/usrogr.fr\/site\/le-club\/","title":{"rendered":"Le Club"},"content":{"rendered":"\n<div class=\"wp-block-columns is-layout-flex wp-container-core-columns-is-layout-9d6595d7 wp-block-columns-is-layout-flex\">\n<div class=\"wp-block-column is-layout-flow wp-block-column-is-layout-flow\" style=\"flex-basis:100%\">\n<div class=\"wp-block-media-text alignwide is-stacked-on-mobile\" style=\"grid-template-columns:21% auto\"><figure class=\"wp-block-media-text__media\"><img loading=\"lazy\" decoding=\"async\" width=\"669\" height=\"607\" src=\"http:\/\/usrogr.fr\/site\/wp-content\/uploads\/2024\/08\/club.png\" alt=\"\" class=\"wp-image-32401 size-full\" srcset=\"https:\/\/usrogr.fr\/site\/wp-content\/uploads\/2024\/08\/club.png 669w, https:\/\/usrogr.fr\/site\/wp-content\/uploads\/2024\/08\/club-300x272.png 300w\" sizes=\"auto, (max-width: 669px) 100vw, 669px\" \/><\/figure><div class=\"wp-block-media-text__content\">\n<p>Le club a \u00e9t\u00e9 cr\u00e9\u00e9 en 1977.<\/p>\n\n\n\n<p>Il est une section de <a rel=\"noreferrer noopener\" href=\"https:\/\/www.usro.fr\/\" data-type=\"URL\" data-id=\"https:\/\/www.usro.fr\/\" target=\"_blank\">l&rsquo;USRO<\/a> (omnisports) et est affili\u00e9 \u00e0 la <a rel=\"noreferrer noopener\" href=\"https:\/\/www.ffgym.fr\/\" data-type=\"URL\" data-id=\"https:\/\/www.ffgym.fr\/\" target=\"_blank\">F\u00e9d\u00e9ration Fran\u00e7aise de Gymnastique (FFGym)<\/a>.<\/p>\n<\/div><\/div>\n<\/div>\n<\/div>\n\n\n\n<p class=\"has-large-font-size\">Informations pratiques : <\/p>\n\n\n\n<p class=\"has-normal-font-size\"><em>Si\u00e8ge : USRO : Halle Jacki Tr\u00e9visan \u2013 60 rue Albert R\u00e9my \u2013 91130 RIS-ORANGIS<br>01.69.25.96.48 \u2013 09.84.40.99.20<\/em><\/p>\n\n\n\n<p class=\"has-medium-font-size\">Nous contacter (section GR) : <\/p>\n\n\n\n<p class=\"has-normal-font-size\"><strong>Adresse mail du club : <\/strong><a href=\"mailto:contact@usrogr.fr ?subject=\">contact@usrogr.fr<\/a><br><strong>Portable du club : <\/strong>07 77 28 56 11<br><\/p>\n\n\n\n<p class=\"has-medium-font-size\"><strong>Membres du bureau :<\/strong><\/p>\n\n\n\n<ul class=\"wp-block-list\">\n<li><strong>Pr\u00e9sidente :<\/strong> Anne BANSARD<\/li>\n\n\n\n<li><strong>Tr\u00e9sori\u00e8re :<\/strong> Elise ARDON<\/li>\n\n\n\n<li><strong>Secr\u00e9taire :<\/strong> Corinne JORROT<\/li>\n\n\n\n<li><strong>Charg\u00e9e de Communication :<\/strong> Vanessa BAJART<\/li>\n<\/ul>\n\n\n\n<p class=\"has-large-font-size\">Entra\u00eenements :<\/p>\n\n\n\n<ul class=\"wp-block-list\">\n<li>GR (enfants n\u00e9s en 2020 et avant) :<br><\/li>\n<\/ul>\n\n\n\n<figure class=\"wp-block-table is-style-stripes\"><table><tbody><tr><td>Gymnase<\/td><td>Lundi<\/td><td>Mardi<\/td><td>Mercredi<\/td><td>Jeudi<\/td><td>Vendredi<\/td><td>Samedi<\/td><\/tr><tr><td>Jesse Owens<\/td><td>18h &#8211; 21h<\/td><td>18h &#8211; 20h30<\/td><td>17h30 &#8211; 20h30<\/td><td>18h &#8211; 21h<\/td><td>18h &#8211; 21h<\/td><td><\/td><\/tr><tr><td>Moulin \u00e0 Vent<\/td><td>18h &#8211; 20h30<\/td><td>18h &#8211; 20h15<\/td><td>13h &#8211; 18h<\/td><td><\/td><td><\/td><td>10h &#8211; 18h30<\/td><\/tr><\/tbody><\/table><\/figure>\n\n\n\n<ul class=\"wp-block-list\">\n<li>Baby GR (n\u00e9s en 2021 et 2022) : Dojo Jean-Luc Roug\u00e9, les samedis de 9h45 \u00e0 12h15, cr\u00e9neaux en fonction de l&rsquo;age.<\/li>\n<\/ul>\n\n\n\n<p class=\"has-large-font-size\">Inscriptions : <\/p>\n\n\n\n<p>Toutes les inscriptions se font via MonClub : <a href=\"https:\/\/usrogr.fr\/site\/2025\/08\/10\/inscriptions-ouvertes\/\">https:\/\/usrogr.fr\/site\/2025\/08\/10\/inscriptions-ouvertes\/<\/a><\/p>\n\n\n\n<p>Nous vous conseillons vivement d&rsquo;installer l&rsquo;application et lui autoriser les notifications si vous souhaitez \u00eatre tenu au courant de nos communications (plus de groupes Whatsapp)<\/p>\n\n\n<div class=\"wp-block-image\">\n<figure class=\"aligncenter size-large is-resized\"><img loading=\"lazy\" decoding=\"async\" width=\"1024\" height=\"1024\" src=\"http:\/\/usrogr.fr\/site\/wp-content\/uploads\/2024\/06\/360-1024x1024.jpg\" alt=\"\" class=\"wp-image-32399\" style=\"object-fit:cover;width:400px;height:400px\" srcset=\"https:\/\/usrogr.fr\/site\/wp-content\/uploads\/2024\/06\/360-1024x1024.jpg 1024w, https:\/\/usrogr.fr\/site\/wp-content\/uploads\/2024\/06\/360-300x300.jpg 300w, https:\/\/usrogr.fr\/site\/wp-content\/uploads\/2024\/06\/360-150x150.jpg 150w, https:\/\/usrogr.fr\/site\/wp-content\/uploads\/2024\/06\/360-768x768.jpg 768w, https:\/\/usrogr.fr\/site\/wp-content\/uploads\/2024\/06\/360-1536x1536.jpg 1536w, https:\/\/usrogr.fr\/site\/wp-content\/uploads\/2024\/06\/360.jpg 1773w\" sizes=\"auto, (max-width: 1024px) 100vw, 1024px\" \/><\/figure>\n<\/div>\n\n\n<p class=\"has-large-font-size\">Infrastructures : <\/p>\n\n\n\n<ul class=\"wp-block-list\">\n<li>Gymnase Jesse Owens<br>Av. de l&rsquo;aunette<\/li>\n<\/ul>\n\n\n\n<iframe src=\"https:\/\/www.google.com\/maps\/embed?pb=!1m18!1m12!1m3!1d694.6166202305532!2d2.412960177268319!3d48.63822258906581!2m3!1f0!2f0!3f0!3m2!1i1024!2i768!4f13.1!3m3!1m2!1s0x47e5de472adbf48f%3A0xbaddf69f47690aea!2sComplexe%20Sportif%20Jesse%20Owens!5e1!3m2!1sfr!2sfr!4v1657180356854!5m2!1sfr!2sfr\" style=\"border:0;\" allowfullscreen=\"\" loading=\"lazy\" referrerpolicy=\"no-referrer-when-downgrade\" width=\"600\" height=\"450\"><\/iframe>\n\n\n\n<ul class=\"wp-block-list\">\n<li>Gymnase du Moulin \u00e0 Vent<br>Av. Henri Sellier<\/li>\n<\/ul>\n\n\n\n<iframe src=\"https:\/\/www.google.com\/maps\/embed?pb=!1m18!1m12!1m3!1d307.1055597124018!2d2.4044472876312026!3d48.647850095963754!2m3!1f0!2f0!3f0!3m2!1i1024!2i768!4f13.1!3m3!1m2!1s0x47e5de5194b5a0a1%3A0x91b5e4df5527e816!2sRue%20Henri%20Sellier%2C%2091130%20Ris-Orangis!5e1!3m2!1sfr!2sfr!4v1657179459159!5m2!1sfr!2sfr\" style=\"border:0;\" allowfullscreen=\"\" loading=\"lazy\" referrerpolicy=\"no-referrer-when-downgrade\" width=\"600\" height=\"450\"><\/iframe>\n\n\n\n<ul class=\"wp-block-list\">\n<li>Dojo Jean-Luc Roug\u00e9<br>Av. de l&rsquo;aunette<br>(baby GR)<\/li>\n<\/ul>\n\n\n\n<iframe src=\"https:\/\/www.google.com\/maps\/embed?pb=!1m18!1m12!1m3!1d1037.355505559553!2d2.410532375222727!3d48.63798695447656!2m3!1f0!2f0!3f0!3m2!1i1024!2i768!4f13.1!3m3!1m2!1s0x47e5de415f29c80f%3A0xee87bf7658017040!2sDojo%20Jean-Luc%20Roug%C3%A9!5e1!3m2!1sfr!2sfr!4v1657180388444!5m2!1sfr!2sfr\" style=\"border:0;\" allowfullscreen=\"\" loading=\"lazy\" referrerpolicy=\"no-referrer-when-downgrade\" width=\"600\" height=\"450\"><\/iframe>\n\n\n\n<p><\/p>\n","protected":false},"excerpt":{"rendered":"<p>Le club a \u00e9t\u00e9 cr\u00e9\u00e9 en 1977. Il est une section de l&rsquo;USRO (omnisports) et est affili\u00e9 \u00e0 la F\u00e9d\u00e9ration Fran\u00e7aise de Gymnastique (FFGym). Informations pratiques : Si\u00e8ge : USRO : Halle Jacki Tr\u00e9visan \u2013 60 rue Albert R\u00e9my \u2013 91130 RIS-ORANGIS01.69.25.96.48 \u2013 09.84.40.99.20 Nous contacter (section GR) : Adresse mail du club : contact@usrogr.frPortable [&hellip;]<\/p>\n","protected":false},"author":1,"featured_media":0,"parent":0,"menu_order":0,"comment_status":"closed","ping_status":"closed","template":"","meta":{"footnotes":""},"class_list":["post-179","page","type-page","status-publish","hentry"],"_links":{"self":[{"href":"https:\/\/usrogr.fr\/site\/wp-json\/wp\/v2\/pages\/179","targetHints":{"allow":["GET"]}}],"collection":[{"href":"https:\/\/usrogr.fr\/site\/wp-json\/wp\/v2\/pages"}],"about":[{"href":"https:\/\/usrogr.fr\/site\/wp-json\/wp\/v2\/types\/page"}],"author":[{"embeddable":true,"href":"https:\/\/usrogr.fr\/site\/wp-json\/wp\/v2\/users\/1"}],"replies":[{"embeddable":true,"href":"https:\/\/usrogr.fr\/site\/wp-json\/wp\/v2\/comments?post=179"}],"version-history":[{"count":31,"href":"https:\/\/usrogr.fr\/site\/wp-json\/wp\/v2\/pages\/179\/revisions"}],"predecessor-version":[{"id":32806,"href":"https:\/\/usrogr.fr\/site\/wp-json\/wp\/v2\/pages\/179\/revisions\/32806"}],"wp:attachment":[{"href":"https:\/\/usrogr.fr\/site\/wp-json\/wp\/v2\/media?parent=179"}],"curies":[{"name":"wp","href":"https:\/\/api.w.org\/{rel}","templated":true}]}}